{"id":12208,"date":"2025-05-07T12:19:04","date_gmt":"2025-05-07T18:19:04","guid":{"rendered":"https:\/\/industrialapopular.com\/subsidiaries\/"},"modified":"2025-07-11T16:33:43","modified_gmt":"2025-07-11T22:33:43","slug":"subsidiaries","status":"publish","type":"page","link":"https:\/\/industrialapopular.com\/en\/subsidiaries\/","title":{"rendered":"Subsidiaries"},"content":{"rendered":"\t\t<div data-elementor-type=\"wp-post\" data-elementor-id=\"12208\" class=\"elementor elementor-12208 elementor-12110\" data-elementor-post-type=\"page\">\n\t\t\t\t<div class=\"elementor-element elementor-element-1b8764b e-con-full e-flex e-con e-parent\" data-id=\"1b8764b\" data-element_type=\"container\" data-e-type=\"container\" data-settings=\"{&quot;background_background&quot;:&quot;classic&quot;}\">\n\t\t\t\t<\/div>\n\t\t<div class=\"elementor-element elementor-element-4861aa8 e-flex e-con-boxed e-con e-parent\" data-id=\"4861aa8\" data-element_type=\"container\" data-e-type=\"container\">\n\t\t\t\t\t<div class=\"e-con-inner\">\n\t\t\t\t<div class=\"elementor-element elementor-element-aa8ca18 elementor-widget elementor-widget-heading\" data-id=\"aa8ca18\" data-element_type=\"widget\" data-e-type=\"widget\" data-settings=\"{&quot;ekit_we_effect_on&quot;:&quot;none&quot;}\" data-widget_type=\"heading.default\">\n\t\t\t\t\t<h1 class=\"elementor-heading-title elementor-size-default\">Our Subsidiaries<\/h1>\t\t\t\t<\/div>\n\t\t\t\t\t<\/div>\n\t\t\t\t<\/div>\n\t\t<div class=\"elementor-element elementor-element-f082228 e-flex e-con-boxed e-con e-parent\" data-id=\"f082228\" data-element_type=\"container\" data-e-type=\"container\">\n\t\t\t\t\t<div class=\"e-con-inner\">\n\t\t\t\t<div class=\"elementor-element elementor-element-8aab7db elementor-widget__width-initial elementor-position-top elementor-widget elementor-widget-image-box\" data-id=\"8aab7db\" data-element_type=\"widget\" data-e-type=\"widget\" data-settings=\"{&quot;ekit_we_effect_on&quot;:&quot;none&quot;}\" data-widget_type=\"image-box.default\">\n\t\t\t\t\t<div class=\"elementor-image-box-wrapper\"><figure class=\"elementor-image-box-img\"><img fetchpriority=\"high\" decoding=\"async\" width=\"1120\" height=\"438\" src=\"https:\/\/epr4eqhkwx9.exactdn.com\/wp-content\/uploads\/2025\/06\/LOGO-MERCOSAL-e1750202321406.jpg?strip=all\" class=\"attachment-full size-full wp-image-12296\" alt=\"LOGO MERCOSAL\" srcset=\"https:\/\/epr4eqhkwx9.exactdn.com\/wp-content\/uploads\/2025\/06\/LOGO-MERCOSAL-e1750202321406.jpg?strip=all 1120w, https:\/\/epr4eqhkwx9.exactdn.com\/wp-content\/uploads\/2025\/06\/LOGO-MERCOSAL-e1750202321406-300x117.jpg?strip=all 300w, https:\/\/epr4eqhkwx9.exactdn.com\/wp-content\/uploads\/2025\/06\/LOGO-MERCOSAL-e1750202321406-1024x400.jpg?strip=all 1024w, https:\/\/epr4eqhkwx9.exactdn.com\/wp-content\/uploads\/2025\/06\/LOGO-MERCOSAL-e1750202321406-768x300.jpg?strip=all 768w, https:\/\/epr4eqhkwx9.exactdn.com\/wp-content\/uploads\/2025\/06\/LOGO-MERCOSAL-e1750202321406.jpg?strip=all&amp;w=224 224w, https:\/\/epr4eqhkwx9.exactdn.com\/wp-content\/uploads\/2025\/06\/LOGO-MERCOSAL-e1750202321406.jpg?strip=all&amp;w=448 448w, https:\/\/epr4eqhkwx9.exactdn.com\/wp-content\/uploads\/2025\/06\/LOGO-MERCOSAL-e1750202321406.jpg?strip=all&amp;w=672 672w, https:\/\/epr4eqhkwx9.exactdn.com\/wp-content\/uploads\/2025\/06\/LOGO-MERCOSAL-e1750202321406.jpg?strip=all&amp;w=896 896w\" sizes=\"(max-width: 1120px) 100vw, 1120px\" \/><\/figure><div class=\"elementor-image-box-content\"><h3 class=\"elementor-image-box-title\">El Salvador<\/h3><p class=\"elementor-image-box-description\">MERCOSAL S.A<br>Telephone: (503) 23168800<br>Carretera a Santa Ana, Km. 28 \u00bd, Parque Industrial El Rinconcito Lote# 3<br>San Juan Opico, La Libertad, El Salvador.<\/p><\/div><\/div>\t\t\t\t<\/div>\n\t\t\t\t<div class=\"elementor-element elementor-element-8a87d48 elementor-widget__width-initial elementor-position-top elementor-widget elementor-widget-image-box\" data-id=\"8a87d48\" data-element_type=\"widget\" data-e-type=\"widget\" data-settings=\"{&quot;ekit_we_effect_on&quot;:&quot;none&quot;}\" data-widget_type=\"image-box.default\">\n\t\t\t\t\t<div class=\"elementor-image-box-wrapper\"><figure class=\"elementor-image-box-img\"><img decoding=\"async\" width=\"1603\" height=\"540\" src=\"https:\/\/epr4eqhkwx9.exactdn.com\/wp-content\/uploads\/2025\/06\/Logotipo-Merconica-e1750202353734.png?strip=all\" class=\"attachment-full size-full wp-image-12298\" alt=\"Logotipo Merconica\" srcset=\"https:\/\/epr4eqhkwx9.exactdn.com\/wp-content\/uploads\/2025\/06\/Logotipo-Merconica-e1750202353734.png?strip=all 1603w, https:\/\/epr4eqhkwx9.exactdn.com\/wp-content\/uploads\/2025\/06\/Logotipo-Merconica-e1750202353734-300x101.png?strip=all 300w, https:\/\/epr4eqhkwx9.exactdn.com\/wp-content\/uploads\/2025\/06\/Logotipo-Merconica-e1750202353734-1024x345.png?strip=all 1024w, https:\/\/epr4eqhkwx9.exactdn.com\/wp-content\/uploads\/2025\/06\/Logotipo-Merconica-e1750202353734-768x259.png?strip=all 768w, https:\/\/epr4eqhkwx9.exactdn.com\/wp-content\/uploads\/2025\/06\/Logotipo-Merconica-e1750202353734-1536x517.png?strip=all 1536w, https:\/\/epr4eqhkwx9.exactdn.com\/wp-content\/uploads\/2025\/06\/Logotipo-Merconica-e1750202353734.png?strip=all&amp;w=641 641w, https:\/\/epr4eqhkwx9.exactdn.com\/wp-content\/uploads\/2025\/06\/Logotipo-Merconica-e1750202353734.png?strip=all&amp;w=961 961w, https:\/\/epr4eqhkwx9.exactdn.com\/wp-content\/uploads\/2025\/06\/Logotipo-Merconica-e1750202353734.png?strip=all&amp;w=1282 1282w, https:\/\/epr4eqhkwx9.exactdn.com\/wp-content\/uploads\/2025\/06\/Logotipo-Merconica-e1750202353734.png?strip=all&amp;w=450 450w\" sizes=\"(max-width: 1200px) 100vw, 1200px\" \/><\/figure><div class=\"elementor-image-box-content\"><h3 class=\"elementor-image-box-title\">Nicaragua<\/h3><p class=\"elementor-image-box-description\">MERCONICA, S.A.\nTelephone: (505) 22680397 | (505) 75170100<br><br>Pista la refiner\u00eda, Entrance to the Lennin Fonseca Hospital, on the right hand side.<\/p><\/div><\/div>\t\t\t\t<\/div>\n\t\t\t\t<div class=\"elementor-element elementor-element-437f064 elementor-widget__width-initial elementor-position-top elementor-widget elementor-widget-image-box\" data-id=\"437f064\" data-element_type=\"widget\" data-e-type=\"widget\" data-settings=\"{&quot;ekit_we_effect_on&quot;:&quot;none&quot;}\" data-widget_type=\"image-box.default\">\n\t\t\t\t\t<div class=\"elementor-image-box-wrapper\"><figure class=\"elementor-image-box-img\"><img decoding=\"async\" width=\"192\" height=\"76\" src=\"https:\/\/epr4eqhkwx9.exactdn.com\/wp-content\/uploads\/2025\/06\/LOGO-MERHONSA-e1750202381282.jpeg?strip=all\" class=\"attachment-full size-full wp-image-12300\" alt=\"LOGO MERHONSA\" srcset=\"https:\/\/epr4eqhkwx9.exactdn.com\/wp-content\/uploads\/2025\/06\/LOGO-MERHONSA-e1750202381282.jpeg?strip=all 192w, https:\/\/epr4eqhkwx9.exactdn.com\/wp-content\/uploads\/2025\/06\/LOGO-MERHONSA-e1750202381282.jpeg?strip=all&amp;w=76 76w\" sizes=\"(max-width: 192px) 100vw, 192px\" \/><\/figure><div class=\"elementor-image-box-content\"><h3 class=\"elementor-image-box-title\">Honduras<\/h3><p class=\"elementor-image-box-description\">MERHONSA<br>Telephone. (504) 26270340<br>Colonia Orqu\u00eddea, Boulevard del Sur, in front of Gasolinera Uno Villanueva, Cort\u00e9s, Honduras.<br>Anillo Perif\u00e9rico, Parque Industrial Perif\u00e9rico, Bodega 10, in front of canal HCH Comayag\u00fcela, Francisco Moraz\u00e1n, Honduras.<\/p><\/div><\/div>\t\t\t\t<\/div>\n\t\t\t\t<div class=\"elementor-element elementor-element-8a1f1aa elementor-widget__width-initial elementor-position-top elementor-widget elementor-widget-image-box\" data-id=\"8a1f1aa\" data-element_type=\"widget\" data-e-type=\"widget\" data-settings=\"{&quot;ekit_we_effect_on&quot;:&quot;none&quot;}\" data-widget_type=\"image-box.default\">\n\t\t\t\t\t<div class=\"elementor-image-box-wrapper\"><figure class=\"elementor-image-box-img\"><img loading=\"lazy\" decoding=\"async\" width=\"225\" height=\"75\" src=\"https:\/\/epr4eqhkwx9.exactdn.com\/wp-content\/uploads\/2025\/06\/image-1-e1750202602178.png?strip=all\" class=\"attachment-full size-full wp-image-12305\" alt=\"image (1)\" srcset=\"https:\/\/epr4eqhkwx9.exactdn.com\/wp-content\/uploads\/2025\/06\/image-1-e1750202602178.png?strip=all 225w, https:\/\/epr4eqhkwx9.exactdn.com\/wp-content\/uploads\/2025\/06\/image-1-e1750202602178.png?strip=all&amp;w=90 90w\" sizes=\"(max-width: 225px) 100vw, 225px\" \/><\/figure><div class=\"elementor-image-box-content\"><h3 class=\"elementor-image-box-title\">Costa Rica<\/h3><p class=\"elementor-image-box-description\">MERCORICA, S.A.<br>Telephone: (506) 22965966<br>La Uruca, 350 meters north of Capriz San Jos\u00e9 Costa Rica.<\/p><\/div><\/div>\t\t\t\t<\/div>\n\t\t\t\t<div class=\"elementor-element elementor-element-4366533 elementor-widget__width-initial elementor-position-top elementor-widget elementor-widget-image-box\" data-id=\"4366533\" data-element_type=\"widget\" data-e-type=\"widget\" data-settings=\"{&quot;ekit_we_effect_on&quot;:&quot;none&quot;}\" data-widget_type=\"image-box.default\">\n\t\t\t\t\t<div class=\"elementor-image-box-wrapper\"><figure class=\"elementor-image-box-img\"><img loading=\"lazy\" decoding=\"async\" width=\"292\" height=\"112\" src=\"https:\/\/epr4eqhkwx9.exactdn.com\/wp-content\/uploads\/2025\/06\/LOGO-MERCOPAN-e1750202406315.png?strip=all\" class=\"attachment-full size-full wp-image-12302\" alt=\"LOGO MERCOPAN\" srcset=\"https:\/\/epr4eqhkwx9.exactdn.com\/wp-content\/uploads\/2025\/06\/LOGO-MERCOPAN-e1750202406315.png?strip=all 292w, https:\/\/epr4eqhkwx9.exactdn.com\/wp-content\/uploads\/2025\/06\/LOGO-MERCOPAN-e1750202406315.png?strip=all&amp;w=58 58w, https:\/\/epr4eqhkwx9.exactdn.com\/wp-content\/uploads\/2025\/06\/LOGO-MERCOPAN-e1750202406315.png?strip=all&amp;w=116 116w, https:\/\/epr4eqhkwx9.exactdn.com\/wp-content\/uploads\/2025\/06\/LOGO-MERCOPAN-e1750202406315.png?strip=all&amp;w=175 175w, https:\/\/epr4eqhkwx9.exactdn.com\/wp-content\/uploads\/2025\/06\/LOGO-MERCOPAN-e1750202406315.png?strip=all&amp;w=233 233w\" sizes=\"(max-width: 292px) 100vw, 292px\" \/><\/figure><div class=\"elementor-image-box-content\"><h3 class=\"elementor-image-box-title\">Panama<\/h3><p class=\"elementor-image-box-description\">MERCOPAN, S.A. <br>Telephone: (507) 2948461 and 2903550<br>Via Tocumen, in front of the entrance to Bello Horizonte,\nPanama City, Panama.  <\/p><\/div><\/div>\t\t\t\t<\/div>\n\t\t\t\t\t<\/div>\n\t\t\t\t<\/div>\n\t\t<div class=\"elementor-element elementor-element-474180f e-con-full e-flex e-con e-parent\" data-id=\"474180f\" data-element_type=\"container\" data-e-type=\"container\">\n\t\t\t\t<div class=\"elementor-element elementor-element-ae132c0 elementor-widget elementor-widget-html\" data-id=\"ae132c0\" data-element_type=\"widget\" data-e-type=\"widget\" data-settings=\"{&quot;ekit_we_effect_on&quot;:&quot;none&quot;}\" data-widget_type=\"html.default\">\n\t\t\t\t\t\t\t<div data-elementor-type=\"container\" data-elementor-id=\"12551\" class=\"elementor elementor-12551 elementor-12313 elementor-12313\" data-elementor-post-type=\"elementor_library\">\n\t\t\t\t<div class=\"elementor-element elementor-element-1d2cf43 e-con-full e-flex e-con e-parent\" data-id=\"1d2cf43\" data-element_type=\"container\" data-e-type=\"container\">\n\t\t<div class=\"elementor-element elementor-element-474a11e e-flex e-con-boxed e-con e-child\" data-id=\"474a11e\" data-element_type=\"container\" data-e-type=\"container\" data-settings=\"{&quot;background_background&quot;:&quot;classic&quot;}\">\n\t\t\t\t\t<div class=\"e-con-inner\">\n\t\t<div class=\"elementor-element elementor-element-2069aaf e-con-full e-flex e-con e-child\" data-id=\"2069aaf\" data-element_type=\"container\" data-e-type=\"container\">\n\t\t<div class=\"elementor-element elementor-element-270a928 e-con-full e-flex e-con e-child\" data-id=\"270a928\" data-element_type=\"container\" data-e-type=\"container\">\n\t\t\t\t<div class=\"elementor-element elementor-element-4f48a29 elementor-view-default elementor-widget elementor-widget-icon\" data-id=\"4f48a29\" data-element_type=\"widget\" data-e-type=\"widget\" data-settings=\"{&quot;ekit_we_effect_on&quot;:&quot;none&quot;}\" data-widget_type=\"icon.default\">\n\t\t\t\t\t\t\t<div class=\"elementor-icon-wrapper\">\n\t\t\t<div class=\"elementor-icon\">\n\t\t\t<svg aria-hidden=\"true\" class=\"e-font-icon-svg e-far-user\" viewBox=\"0 0 448 512\" xmlns=\"http:\/\/www.w3.org\/2000\/svg\"><path d=\"M313.6 304c-28.7 0-42.5 16-89.6 16-47.1 0-60.8-16-89.6-16C60.2 304 0 364.2 0 438.4V464c0 26.5 21.5 48 48 48h352c26.5 0 48-21.5 48-48v-25.6c0-74.2-60.2-134.4-134.4-134.4zM400 464H48v-25.6c0-47.6 38.8-86.4 86.4-86.4 14.6 0 38.3 16 89.6 16 51.7 0 74.9-16 89.6-16 47.6 0 86.4 38.8 86.4 86.4V464zM224 288c79.5 0 144-64.5 144-144S303.5 0 224 0 80 64.5 80 144s64.5 144 144 144zm0-240c52.9 0 96 43.1 96 96s-43.1 96-96 96-96-43.1-96-96 43.1-96 96-96z\"><\/path><\/svg>\t\t\t<\/div>\n\t\t<\/div>\n\t\t\t\t\t\t<\/div>\n\t\t\t\t<\/div>\n\t\t<div class=\"elementor-element elementor-element-a5af9b9 e-con-full e-flex e-con e-child\" data-id=\"a5af9b9\" data-element_type=\"container\" data-e-type=\"container\">\n\t\t\t\t<div class=\"elementor-element elementor-element-21672d9 elementor-widget elementor-widget-heading\" data-id=\"21672d9\" data-element_type=\"widget\" data-e-type=\"widget\" data-settings=\"{&quot;ekit_we_effect_on&quot;:&quot;none&quot;}\" data-widget_type=\"heading.default\">\n\t\t\t\t\t<h2 class=\"elementor-heading-title elementor-size-default\">Customer<\/h2>\t\t\t\t<\/div>\n\t\t\t\t<div class=\"elementor-element elementor-element-4d63b79 elementor-widget elementor-widget-heading\" data-id=\"4d63b79\" data-element_type=\"widget\" data-e-type=\"widget\" data-settings=\"{&quot;ekit_we_effect_on&quot;:&quot;none&quot;}\" data-widget_type=\"heading.default\">\n\t\t\t\t\t<h2 class=\"elementor-heading-title elementor-size-default\">Service<\/h2>\t\t\t\t<\/div>\n\t\t\t\t<\/div>\n\t\t<div class=\"elementor-element elementor-element-ae7e3d8 e-con-full e-flex e-con e-child\" data-id=\"ae7e3d8\" data-element_type=\"container\" data-e-type=\"container\">\n\t\t\t\t<div class=\"elementor-element elementor-element-8b0d82d elementor-widget elementor-widget-text-editor\" data-id=\"8b0d82d\" data-element_type=\"widget\" data-e-type=\"widget\" data-settings=\"{&quot;ekit_we_effect_on&quot;:&quot;none&quot;}\" data-widget_type=\"text-editor.default\">\n\t\t\t\t\t\t\t\t\t<p>1-801-0026227 Ambar line, from Guatemala<\/p><p>PBX: (502) 2420-0202<\/p><p><span style=\"display:inline;unicode-bidi:bidi-override;direction:rtl;\" class=\"\">moc.aspli<span style=\"display:none;\">obfsctd-8f55d1<\/span>&#64;etneilca<\/span><\/p>\t\t\t\t\t\t\t\t<\/div>\n\t\t\t\t<\/div>\n\t\t\t\t<\/div>\n\t\t<div class=\"elementor-element elementor-element-6e3d069 e-con-full e-flex e-con e-child\" data-id=\"6e3d069\" data-element_type=\"container\" data-e-type=\"container\">\n\t\t<div class=\"elementor-element elementor-element-5a13357 e-con-full e-flex e-con e-child\" data-id=\"5a13357\" data-element_type=\"container\" data-e-type=\"container\">\n\t\t\t\t<div class=\"elementor-element elementor-element-cf1b9df elementor-view-default elementor-widget elementor-widget-icon\" data-id=\"cf1b9df\" data-element_type=\"widget\" data-e-type=\"widget\" data-settings=\"{&quot;ekit_we_effect_on&quot;:&quot;none&quot;}\" data-widget_type=\"icon.default\">\n\t\t\t\t\t\t\t<div class=\"elementor-icon-wrapper\">\n\t\t\t<div class=\"elementor-icon\">\n\t\t\t<svg aria-hidden=\"true\" class=\"e-font-icon-svg e-far-clock\" viewBox=\"0 0 512 512\" xmlns=\"http:\/\/www.w3.org\/2000\/svg\"><path d=\"M256 8C119 8 8 119 8 256s111 248 248 248 248-111 248-248S393 8 256 8zm0 448c-110.5 0-200-89.5-200-200S145.5 56 256 56s200 89.5 200 200-89.5 200-200 200zm61.8-104.4l-84.9-61.7c-3.1-2.3-4.9-5.9-4.9-9.7V116c0-6.6 5.4-12 12-12h32c6.6 0 12 5.4 12 12v141.7l66.8 48.6c5.4 3.9 6.5 11.4 2.6 16.8L334.6 349c-3.9 5.3-11.4 6.5-16.8 2.6z\"><\/path><\/svg>\t\t\t<\/div>\n\t\t<\/div>\n\t\t\t\t\t\t<\/div>\n\t\t\t\t<\/div>\n\t\t<div class=\"elementor-element elementor-element-74d6e9c e-con-full e-flex e-con e-child\" data-id=\"74d6e9c\" data-element_type=\"container\" data-e-type=\"container\">\n\t\t\t\t<div class=\"elementor-element elementor-element-ff8af88 elementor-widget elementor-widget-heading\" data-id=\"ff8af88\" data-element_type=\"widget\" data-e-type=\"widget\" data-settings=\"{&quot;ekit_we_effect_on&quot;:&quot;none&quot;}\" data-widget_type=\"heading.default\">\n\t\t\t\t\t<h2 class=\"elementor-heading-title elementor-size-default\">Hours<\/h2>\t\t\t\t<\/div>\n\t\t\t\t<div class=\"elementor-element elementor-element-6caaa7c elementor-widget elementor-widget-heading\" data-id=\"6caaa7c\" data-element_type=\"widget\" data-e-type=\"widget\" data-settings=\"{&quot;ekit_we_effect_on&quot;:&quot;none&quot;}\" data-widget_type=\"heading.default\">\n\t\t\t\t\t<h2 class=\"elementor-heading-title elementor-size-default\">of operation<\/h2>\t\t\t\t<\/div>\n\t\t\t\t<\/div>\n\t\t<div class=\"elementor-element elementor-element-2879d37 e-con-full e-flex e-con e-child\" data-id=\"2879d37\" data-element_type=\"container\" data-e-type=\"container\">\n\t\t\t\t<div class=\"elementor-element elementor-element-14502ca elementor-widget elementor-widget-text-editor\" data-id=\"14502ca\" data-element_type=\"widget\" data-e-type=\"widget\" data-settings=\"{&quot;ekit_we_effect_on&quot;:&quot;none&quot;}\" data-widget_type=\"text-editor.default\">\n\t\t\t\t\t\t\t\t\t<p>Mon-Fri 8:00 &#8211; 16:00 (GMT-6)<\/p>\t\t\t\t\t\t\t\t<\/div>\n\t\t\t\t<\/div>\n\t\t\t\t<\/div>\n\t\t\t\t\t<\/div>\n\t\t\t\t<\/div>\n\t\t\t\t<\/div>\n\t\t\t\t<\/div>\n\t\t\t\t\t\t<\/div>\n\t\t\t\t<\/div>\n\t\t\t\t<\/div>\n\t\t","protected":false},"excerpt":{"rendered":"<p>Our Subsidiaries El Salvador MERCOSAL S.ATelephone: (503) 23168800Carretera a Santa Ana, Km. 28 \u00bd, Parque Industrial El Rinconcito Lote# 3San Juan Opico, La Libertad, El Salvador. Nicaragua MERCONICA, S.A. Telephone: (505) 22680397 | (505) 75170100 Pista la refiner\u00eda, Entrance to the Lennin Fonseca Hospital, on the right hand side. Honduras MERHONSATelephone. (504) 26270340Colonia Orqu\u00eddea, Boulevard&hellip;&nbsp;<\/p>\n","protected":false},"author":6,"featured_media":0,"parent":0,"menu_order":0,"comment_status":"closed","ping_status":"closed","template":"","meta":{"neve_meta_sidebar":"","neve_meta_container":"","neve_meta_enable_content_width":"","neve_meta_content_width":0,"neve_meta_title_alignment":"","neve_meta_author_avatar":"","neve_post_elements_order":"","neve_meta_disable_header":"","neve_meta_disable_footer":"","neve_meta_disable_title":"on","neve_meta_reading_time":"","_joinchat":[],"footnotes":""},"class_list":["post-12208","page","type-page","status-publish","hentry"],"_links":{"self":[{"href":"https:\/\/industrialapopular.com\/en\/wp-json\/wp\/v2\/pages\/12208","targetHints":{"allow":["GET"]}}],"collection":[{"href":"https:\/\/industrialapopular.com\/en\/wp-json\/wp\/v2\/pages"}],"about":[{"href":"https:\/\/industrialapopular.com\/en\/wp-json\/wp\/v2\/types\/page"}],"author":[{"embeddable":true,"href":"https:\/\/industrialapopular.com\/en\/wp-json\/wp\/v2\/users\/6"}],"replies":[{"embeddable":true,"href":"https:\/\/industrialapopular.com\/en\/wp-json\/wp\/v2\/comments?post=12208"}],"version-history":[{"count":4,"href":"https:\/\/industrialapopular.com\/en\/wp-json\/wp\/v2\/pages\/12208\/revisions"}],"predecessor-version":[{"id":12394,"href":"https:\/\/industrialapopular.com\/en\/wp-json\/wp\/v2\/pages\/12208\/revisions\/12394"}],"wp:attachment":[{"href":"https:\/\/industrialapopular.com\/en\/wp-json\/wp\/v2\/media?parent=12208"}],"curies":[{"name":"wp","href":"https:\/\/api.w.org\/{rel}","templated":true}]}}