{"id":11383,"date":"2019-04-18T07:43:00","date_gmt":"2019-04-18T13:43:00","guid":{"rendered":"https:\/\/industrialapopular.com\/brands\/personal-care\/tamy\/"},"modified":"2025-03-12T15:31:13","modified_gmt":"2025-03-12T21:31:13","slug":"tamy","status":"publish","type":"page","link":"https:\/\/industrialapopular.com\/en\/brands\/personal-care\/tamy\/","title":{"rendered":"TAMY"},"content":{"rendered":"\t\t<div data-elementor-type=\"wp-post\" data-elementor-id=\"11383\" class=\"elementor elementor-11383 elementor-1084\" data-elementor-post-type=\"page\">\n\t\t\t\t<div class=\"elementor-element elementor-element-84d79dd e-con-full e-flex e-con e-parent\" data-id=\"84d79dd\" data-element_type=\"container\" data-e-type=\"container\">\n\t\t\t\t<div class=\"elementor-element elementor-element-80ec647 elementor-align-left elementor-widget elementor-widget-button\" data-id=\"80ec647\" data-element_type=\"widget\" data-e-type=\"widget\" data-settings=\"{&quot;ekit_we_effect_on&quot;:&quot;none&quot;}\" data-widget_type=\"button.default\">\n\t\t\t\t\t\t\t\t\t\t<a class=\"elementor-button elementor-button-link elementor-size-xs elementor-animation-shrink\" href=\"https:\/\/industrialapopular.com\/en\/brands\/personal-care\/\">\n\t\t\t\t\t\t<span class=\"elementor-button-content-wrapper\">\n\t\t\t\t\t\t<span class=\"elementor-button-icon\">\n\t\t\t\t<svg aria-hidden=\"true\" class=\"e-font-icon-svg e-fas-long-arrow-alt-left\" viewBox=\"0 0 448 512\" xmlns=\"http:\/\/www.w3.org\/2000\/svg\"><path d=\"M134.059 296H436c6.627 0 12-5.373 12-12v-56c0-6.627-5.373-12-12-12H134.059v-46.059c0-21.382-25.851-32.09-40.971-16.971L7.029 239.029c-9.373 9.373-9.373 24.569 0 33.941l86.059 86.059c15.119 15.119 40.971 4.411 40.971-16.971V296z\"><\/path><\/svg>\t\t\t<\/span>\n\t\t\t\t\t\t\t\t\t<span class=\"elementor-button-text\">Back<\/span>\n\t\t\t\t\t<\/span>\n\t\t\t\t\t<\/a>\n\t\t\t\t\t\t\t\t<\/div>\n\t\t\t\t<\/div>\n\t\t<div class=\"elementor-element elementor-element-0419825 e-con-full e-flex e-con e-parent\" data-id=\"0419825\" data-element_type=\"container\" data-e-type=\"container\">\n\t\t<div class=\"elementor-element elementor-element-1182de3 e-con-full animated-slow e-flex elementor-invisible e-con e-child\" data-id=\"1182de3\" data-element_type=\"container\" data-e-type=\"container\" data-settings=\"{&quot;animation&quot;:&quot;fadeInLeft&quot;}\">\n\t\t\t\t<div class=\"elementor-element elementor-element-b2c6254 elementor-widget elementor-widget-image\" data-id=\"b2c6254\" data-element_type=\"widget\" data-e-type=\"widget\" data-settings=\"{&quot;ekit_we_effect_on&quot;:&quot;none&quot;}\" data-widget_type=\"image.default\">\n\t\t\t\t\t\t\t\t\t\t\t\t\t\t\t<img fetchpriority=\"high\" decoding=\"async\" width=\"1024\" height=\"768\" src=\"https:\/\/epr4eqhkwx9.exactdn.com\/wp-content\/uploads\/2025\/01\/tamy-1-1024x768.png?strip=all\" class=\"attachment-large size-large wp-image-11090\" alt=\"A green leaf-shaped logo featuring &quot;TAMY de Familia&quot; in bold white letters beautifully embodies the essence of personal care.\" srcset=\"https:\/\/epr4eqhkwx9.exactdn.com\/wp-content\/uploads\/2025\/01\/tamy-1-1024x768.png?strip=all 1024w, https:\/\/epr4eqhkwx9.exactdn.com\/wp-content\/uploads\/2025\/01\/tamy-1-300x225.png?strip=all 300w, https:\/\/epr4eqhkwx9.exactdn.com\/wp-content\/uploads\/2025\/01\/tamy-1-768x576.png?strip=all 768w, https:\/\/epr4eqhkwx9.exactdn.com\/wp-content\/uploads\/2025\/01\/tamy-1-1536x1152.png?strip=all 1536w, https:\/\/epr4eqhkwx9.exactdn.com\/wp-content\/uploads\/2025\/01\/tamy-1.png?strip=all 1890w, https:\/\/epr4eqhkwx9.exactdn.com\/wp-content\/uploads\/2025\/01\/tamy-1.png?strip=all&amp;w=378 378w, https:\/\/epr4eqhkwx9.exactdn.com\/wp-content\/uploads\/2025\/01\/tamy-1.png?strip=all&amp;w=1134 1134w, https:\/\/epr4eqhkwx9.exactdn.com\/wp-content\/uploads\/2025\/01\/tamy-1.png?strip=all&amp;w=450 450w\" sizes=\"(max-width: 1024px) 100vw, 1024px\" \/>\t\t\t\t\t\t\t\t\t\t\t\t\t\t\t<\/div>\n\t\t\t\t<\/div>\n\t\t<div class=\"elementor-element elementor-element-40fb9dc e-con-full animated-slow e-flex elementor-invisible e-con e-child\" data-id=\"40fb9dc\" data-element_type=\"container\" data-e-type=\"container\" data-settings=\"{&quot;animation&quot;:&quot;fadeInRight&quot;}\">\n\t\t\t\t<div class=\"elementor-element elementor-element-6696172 elementor-widget elementor-widget-heading\" data-id=\"6696172\" data-element_type=\"widget\" data-e-type=\"widget\" data-settings=\"{&quot;ekit_we_effect_on&quot;:&quot;none&quot;}\" data-widget_type=\"heading.default\">\n\t\t\t\t\t<h1 class=\"elementor-heading-title elementor-size-default\">Tamy<\/h1>\t\t\t\t<\/div>\n\t\t\t\t<div class=\"elementor-element elementor-element-5723cae animated-fast elementor-widget-divider--view-line elementor-invisible elementor-widget elementor-widget-divider\" data-id=\"5723cae\" data-element_type=\"widget\" data-e-type=\"widget\" data-settings=\"{&quot;_animation&quot;:&quot;rubberBand&quot;,&quot;ekit_we_effect_on&quot;:&quot;none&quot;}\" data-widget_type=\"divider.default\">\n\t\t\t\t\t\t\t<div class=\"elementor-divider\">\n\t\t\t<span class=\"elementor-divider-separator\">\n\t\t\t\t\t\t<\/span>\n\t\t<\/div>\n\t\t\t\t\t\t<\/div>\n\t\t\t\t<div class=\"elementor-element elementor-element-470b78e elementor-widget elementor-widget-text-editor\" data-id=\"470b78e\" data-element_type=\"widget\" data-e-type=\"widget\" data-settings=\"{&quot;ekit_we_effect_on&quot;:&quot;none&quot;}\" data-widget_type=\"text-editor.default\">\n\t\t\t\t\t\t\t\t\t<p>Shampoo for hygiene and care.<span class=\"Apple-converted-space\">  <\/span>Cleanses hair leaving it soft, shiny and deliciously perfumed.<\/p>\n\t\t\t\t\t\t\t\t<\/div>\n\t\t\t\t<\/div>\n\t\t\t\t<\/div>\n\t\t<div class=\"elementor-element elementor-element-b120b94 e-con-full animated-slow e-flex elementor-invisible e-con e-parent\" data-id=\"b120b94\" data-element_type=\"container\" data-e-type=\"container\" data-settings=\"{&quot;animation&quot;:&quot;fadeInUp&quot;}\">\n\t\t\t\t<div class=\"elementor-element elementor-element-53ccda8 elementor-widget elementor-widget-heading\" data-id=\"53ccda8\" data-element_type=\"widget\" data-e-type=\"widget\" data-settings=\"{&quot;ekit_we_effect_on&quot;:&quot;none&quot;}\" data-widget_type=\"heading.default\">\n\t\t\t\t\t<h3 class=\"elementor-heading-title elementor-size-default\">Tamy Shampoo<\/h3>\t\t\t\t<\/div>\n\t\t\t\t<div class=\"elementor-element elementor-element-291b4da elementor-skin-carousel elementor-arrows-yes elementor-pagination-type-bullets elementor-pagination-position-outside elementor-widget elementor-widget-media-carousel\" data-id=\"291b4da\" data-element_type=\"widget\" data-e-type=\"widget\" data-settings=\"{&quot;slides_per_view&quot;:&quot;4&quot;,&quot;skin&quot;:&quot;carousel&quot;,&quot;effect&quot;:&quot;slide&quot;,&quot;show_arrows&quot;:&quot;yes&quot;,&quot;pagination&quot;:&quot;bullets&quot;,&quot;speed&quot;:500,&quot;autoplay&quot;:&quot;yes&quot;,&quot;autoplay_speed&quot;:5000,&quot;pause_on_hover&quot;:&quot;yes&quot;,&quot;pause_on_interaction&quot;:&quot;yes&quot;,&quot;space_between&quot;:{&quot;unit&quot;:&quot;px&quot;,&quot;size&quot;:10,&quot;sizes&quot;:[]},&quot;space_between_tablet&quot;:{&quot;unit&quot;:&quot;px&quot;,&quot;size&quot;:10,&quot;sizes&quot;:[]},&quot;space_between_mobile&quot;:{&quot;unit&quot;:&quot;px&quot;,&quot;size&quot;:10,&quot;sizes&quot;:[]},&quot;ekit_we_effect_on&quot;:&quot;none&quot;}\" data-widget_type=\"media-carousel.default\">\n\t\t\t\t\t\t\t\t\t\t<div class=\"elementor-main-swiper swiper\" role=\"region\" aria-roledescription=\"carousel\" aria-label=\"Slides\">\n\t\t\t\t<div class=\"swiper-wrapper\">\n\t\t\t\t\t\t\t\t\t\t\t<div class=\"swiper-slide\" role=\"group\" aria-roledescription=\"slide\">\n\t\t\t\t\t\t\t<a href=\"https:\/\/epr4eqhkwx9.exactdn.com\/wp-content\/uploads\/2019\/05\/tamy_frutos_rojos.jpg?strip=all&w=2560\" data-elementor-open-lightbox=\"yes\" data-elementor-lightbox-slideshow=\"291b4da\" data-elementor-lightbox-title=\"Tamy Frutos Rojos 500ml\" data-e-action-hash=\"#elementor-action%3Aaction%3Dlightbox%26settings%3DeyJpZCI6MTU0OCwidXJsIjoiaHR0cHM6XC9cL2luZHVzdHJpYWxhcG9wdWxhci5jb21cL3dwLWNvbnRlbnRcL3VwbG9hZHNcLzIwMTlcLzA1XC90YW15X2ZydXRvc19yb2pvcy5qcGciLCJzbGlkZXNob3ciOiIyOTFiNGRhIn0%3D\">\t\t<div class=\"elementor-carousel-image\" role=\"img\" aria-label=\"Botella roja de champ\u00fa Tamy con una etiqueta con frutos rojos variados y el texto &quot;Con Aroma a Frutos Rojos&quot;.\" style=\"background-image: url(&#039;https:\/\/epr4eqhkwx9.exactdn.com\/wp-content\/uploads\/2019\/05\/tamy_frutos_rojos.jpg?strip=all&#039;)\">\n\n\t\t\t\n\t\t\t\t\t<\/div>\n\t\t\t\t\t<div class=\"elementor-carousel-image-overlay e-overlay-animation-fade\">\n\t\t\t\tTamy Frutos Rojos 500ml\t\t\t<\/div>\n\t\t\t<\/a>\t\t\t\t\t\t<\/div>\n\t\t\t\t\t\t\t\t\t\t\t<div class=\"swiper-slide\" role=\"group\" aria-roledescription=\"slide\">\n\t\t\t\t\t\t\t<a href=\"https:\/\/epr4eqhkwx9.exactdn.com\/wp-content\/uploads\/2019\/05\/tamy_zapuyul.jpg?strip=all&w=2560\" data-elementor-open-lightbox=\"yes\" data-elementor-lightbox-slideshow=\"291b4da\" data-elementor-lightbox-title=\"Tamy Zapuyul\" data-e-action-hash=\"#elementor-action%3Aaction%3Dlightbox%26settings%3DeyJpZCI6MTU0OSwidXJsIjoiaHR0cHM6XC9cL2luZHVzdHJpYWxhcG9wdWxhci5jb21cL3dwLWNvbnRlbnRcL3VwbG9hZHNcLzIwMTlcLzA1XC90YW15X3phcHV5dWwuanBnIiwic2xpZGVzaG93IjoiMjkxYjRkYSJ9\">\t\t<div class=\"elementor-carousel-image\" role=\"img\" aria-label=\"Dos botellas de champ\u00fa Tamy etiquetadas &quot;Zapuyul&quot;, con una imagen de la fruta del zapote en las etiquetas.\" style=\"background-image: url(&#039;https:\/\/epr4eqhkwx9.exactdn.com\/wp-content\/uploads\/2019\/05\/tamy_zapuyul.jpg?strip=all&#039;)\">\n\n\t\t\t\n\t\t\t\t\t<\/div>\n\t\t\t\t\t<div class=\"elementor-carousel-image-overlay e-overlay-animation-fade\">\n\t\t\t\tTamy Zapuyul\t\t\t<\/div>\n\t\t\t<\/a>\t\t\t\t\t\t<\/div>\n\t\t\t\t\t\t\t\t\t\t\t<div class=\"swiper-slide\" role=\"group\" aria-roledescription=\"slide\">\n\t\t\t\t\t\t\t<a href=\"https:\/\/epr4eqhkwx9.exactdn.com\/wp-content\/uploads\/2019\/06\/Tamy-Aguacate-500ml-1.png?strip=all&w=2560\" data-elementor-open-lightbox=\"yes\" data-elementor-lightbox-slideshow=\"291b4da\" data-elementor-lightbox-title=\"Tamy Aguacate 500ml\" data-e-action-hash=\"#elementor-action%3Aaction%3Dlightbox%26settings%3DeyJpZCI6MzM5MCwidXJsIjoiaHR0cHM6XC9cL2luZHVzdHJpYWxhcG9wdWxhci5jb21cL3dwLWNvbnRlbnRcL3VwbG9hZHNcLzIwMTlcLzA2XC9UYW15LUFndWFjYXRlLTUwMG1sLTEucG5nIiwic2xpZGVzaG93IjoiMjkxYjRkYSJ9\">\t\t<div class=\"elementor-carousel-image\" role=\"img\" aria-label=\"Botella verde de champ\u00fa Tamy con aroma a aguacate.\" style=\"background-image: url(&#039;https:\/\/epr4eqhkwx9.exactdn.com\/wp-content\/uploads\/2019\/06\/Tamy-Aguacate-500ml-1.png?strip=all&#039;)\">\n\n\t\t\t\n\t\t\t\t\t<\/div>\n\t\t\t\t\t<div class=\"elementor-carousel-image-overlay e-overlay-animation-fade\">\n\t\t\t\tTamy Aguacate 500ml\t\t\t<\/div>\n\t\t\t<\/a>\t\t\t\t\t\t<\/div>\n\t\t\t\t\t\t\t\t\t\t\t<div class=\"swiper-slide\" role=\"group\" aria-roledescription=\"slide\">\n\t\t\t\t\t\t\t<a href=\"https:\/\/epr4eqhkwx9.exactdn.com\/wp-content\/uploads\/2019\/06\/Tamy-Manzanilla-500ml-.png?strip=all&w=2560\" data-elementor-open-lightbox=\"yes\" data-elementor-lightbox-slideshow=\"291b4da\" data-elementor-lightbox-title=\"Tamy Manzanilla 500ml\" data-e-action-hash=\"#elementor-action%3Aaction%3Dlightbox%26settings%3DeyJpZCI6MzM5MSwidXJsIjoiaHR0cHM6XC9cL2luZHVzdHJpYWxhcG9wdWxhci5jb21cL3dwLWNvbnRlbnRcL3VwbG9hZHNcLzIwMTlcLzA2XC9UYW15LU1hbnphbmlsbGEtNTAwbWwtLnBuZyIsInNsaWRlc2hvdyI6IjI5MWI0ZGEifQ%3D%3D\">\t\t<div class=\"elementor-carousel-image\" role=\"img\" aria-label=\"Una botella transparente de champ\u00fa Tamy con manzanilla y miel, que presenta una etiqueta con margaritas y un patr\u00f3n de panal.\" style=\"background-image: url(&#039;https:\/\/epr4eqhkwx9.exactdn.com\/wp-content\/uploads\/2019\/06\/Tamy-Manzanilla-500ml-.png?strip=all&#039;)\">\n\n\t\t\t\n\t\t\t\t\t<\/div>\n\t\t\t\t\t<div class=\"elementor-carousel-image-overlay e-overlay-animation-fade\">\n\t\t\t\tTamy Manzanilla 500ml\t\t\t<\/div>\n\t\t\t<\/a>\t\t\t\t\t\t<\/div>\n\t\t\t\t\t\t\t\t\t\t\t<div class=\"swiper-slide\" role=\"group\" aria-roledescription=\"slide\">\n\t\t\t\t\t\t\t<a href=\"https:\/\/epr4eqhkwx9.exactdn.com\/wp-content\/uploads\/2019\/06\/Tamy-Manzanilla-1000ml-.png?strip=all&w=2560\" data-elementor-open-lightbox=\"yes\" data-elementor-lightbox-slideshow=\"291b4da\" data-elementor-lightbox-title=\"Tamy Manzanilla 1000ml\" data-e-action-hash=\"#elementor-action%3Aaction%3Dlightbox%26settings%3DeyJpZCI6MzM5MiwidXJsIjoiaHR0cHM6XC9cL2luZHVzdHJpYWxhcG9wdWxhci5jb21cL3dwLWNvbnRlbnRcL3VwbG9hZHNcLzIwMTlcLzA2XC9UYW15LU1hbnphbmlsbGEtMTAwMG1sLS5wbmciLCJzbGlkZXNob3ciOiIyOTFiNGRhIn0%3D\">\t\t<div class=\"elementor-carousel-image\" role=\"img\" aria-label=\"Botella de champ\u00fa Tamy con aroma a manzanilla y miel, que presenta un dise\u00f1o de margaritas y panal en la etiqueta.\" style=\"background-image: url(&#039;https:\/\/epr4eqhkwx9.exactdn.com\/wp-content\/uploads\/2019\/06\/Tamy-Manzanilla-1000ml-.png?strip=all&#039;)\">\n\n\t\t\t\n\t\t\t\t\t<\/div>\n\t\t\t\t\t<div class=\"elementor-carousel-image-overlay e-overlay-animation-fade\">\n\t\t\t\tTamy Manzanilla 1000ml\t\t\t<\/div>\n\t\t\t<\/a>\t\t\t\t\t\t<\/div>\n\t\t\t\t\t\t\t\t\t\t\t<div class=\"swiper-slide\" role=\"group\" aria-roledescription=\"slide\">\n\t\t\t\t\t\t\t<a href=\"https:\/\/epr4eqhkwx9.exactdn.com\/wp-content\/uploads\/2019\/06\/Tamy-S\u00e1bila-1000ml-.png?strip=all&w=2560\" data-elementor-open-lightbox=\"yes\" data-elementor-lightbox-slideshow=\"291b4da\" data-elementor-lightbox-title=\"Tamy S\u00e1bila 1000ml\" data-e-action-hash=\"#elementor-action%3Aaction%3Dlightbox%26settings%3DeyJpZCI6MzM5MywidXJsIjoiaHR0cHM6XC9cL2luZHVzdHJpYWxhcG9wdWxhci5jb21cL3dwLWNvbnRlbnRcL3VwbG9hZHNcLzIwMTlcLzA2XC9UYW15LVNcdTAwZTFiaWxhLTEwMDBtbC0ucG5nIiwic2xpZGVzaG93IjoiMjkxYjRkYSJ9\">\t\t<div class=\"elementor-carousel-image\" role=\"img\" aria-label=\"Botella verde de champ\u00fa Tamy con imagen de aloe vera en la etiqueta, indicando que contiene aloe.\" style=\"background-image: url(&#039;https:\/\/epr4eqhkwx9.exactdn.com\/wp-content\/uploads\/2019\/06\/Tamy-S\u00e1bila-1000ml-.png?strip=all&#039;)\">\n\n\t\t\t\n\t\t\t\t\t<\/div>\n\t\t\t\t\t<div class=\"elementor-carousel-image-overlay e-overlay-animation-fade\">\n\t\t\t\tTamy S\u00e1bila 1000ml\t\t\t<\/div>\n\t\t\t<\/a>\t\t\t\t\t\t<\/div>\n\t\t\t\t\t\t\t\t\t\t\t<div class=\"swiper-slide\" role=\"group\" aria-roledescription=\"slide\">\n\t\t\t\t\t\t\t<a href=\"https:\/\/epr4eqhkwx9.exactdn.com\/wp-content\/uploads\/2019\/06\/Tamy-S\u00e1bila-500ml-.png?strip=all&w=2560\" data-elementor-open-lightbox=\"yes\" data-elementor-lightbox-slideshow=\"291b4da\" data-elementor-lightbox-title=\"Tamy S\u00e1bila 500ml\" data-e-action-hash=\"#elementor-action%3Aaction%3Dlightbox%26settings%3DeyJpZCI6MzM5NCwidXJsIjoiaHR0cHM6XC9cL2luZHVzdHJpYWxhcG9wdWxhci5jb21cL3dwLWNvbnRlbnRcL3VwbG9hZHNcLzIwMTlcLzA2XC9UYW15LVNcdTAwZTFiaWxhLTUwMG1sLS5wbmciLCJzbGlkZXNob3ciOiIyOTFiNGRhIn0%3D\">\t\t<div class=\"elementor-carousel-image\" role=\"img\" aria-label=\"Botella verde de champ\u00fa Tamy S\u00e1bila con gr\u00e1fico de aloe vera en la etiqueta.\" style=\"background-image: url(&#039;https:\/\/epr4eqhkwx9.exactdn.com\/wp-content\/uploads\/2019\/06\/Tamy-S\u00e1bila-500ml-.png?strip=all&#039;)\">\n\n\t\t\t\n\t\t\t\t\t<\/div>\n\t\t\t\t\t<div class=\"elementor-carousel-image-overlay e-overlay-animation-fade\">\n\t\t\t\tTamy S\u00e1bila 500ml\t\t\t<\/div>\n\t\t\t<\/a>\t\t\t\t\t\t<\/div>\n\t\t\t\t\t\t\t\t\t<\/div>\n\t\t\t\t\t\t\t\t\t\t\t\t\t\t\t<div class=\"elementor-swiper-button elementor-swiper-button-prev\" role=\"button\" tabindex=\"0\" aria-label=\"Previous\">\n\t\t\t\t\t\t\t<svg aria-hidden=\"true\" class=\"e-font-icon-svg e-eicon-chevron-left\" viewBox=\"0 0 1000 1000\" xmlns=\"http:\/\/www.w3.org\/2000\/svg\"><path d=\"M646 125C629 125 613 133 604 142L308 442C296 454 292 471 292 487 292 504 296 521 308 533L604 854C617 867 629 875 646 875 663 875 679 871 692 858 704 846 713 829 713 812 713 796 708 779 692 767L438 487 692 225C700 217 708 204 708 187 708 171 704 154 692 142 675 129 663 125 646 125Z\"><\/path><\/svg>\t\t\t\t\t\t<\/div>\n\t\t\t\t\t\t<div class=\"elementor-swiper-button elementor-swiper-button-next\" role=\"button\" tabindex=\"0\" aria-label=\"Next\">\n\t\t\t\t\t\t\t<svg aria-hidden=\"true\" class=\"e-font-icon-svg e-eicon-chevron-right\" viewBox=\"0 0 1000 1000\" xmlns=\"http:\/\/www.w3.org\/2000\/svg\"><path d=\"M696 533C708 521 713 504 713 487 713 471 708 454 696 446L400 146C388 133 375 125 354 125 338 125 325 129 313 142 300 154 292 171 292 187 292 204 296 221 308 233L563 492 304 771C292 783 288 800 288 817 288 833 296 850 308 863 321 871 338 875 354 875 371 875 388 867 400 854L696 533Z\"><\/path><\/svg>\t\t\t\t\t\t<\/div>\n\t\t\t\t\t\t\t\t\t\t\t\t\t\t\t\t<div class=\"swiper-pagination\"><\/div>\n\t\t\t\t\t\t\t\t\t\t\t\t<\/div>\n\t\t\t\t\t\t\t\t<\/div>\n\t\t\t\t<\/div>\n\t\t\t\t<\/div>\n\t\t","protected":false},"excerpt":{"rendered":"<p>Back Tamy Shampoo for hygiene and care. Cleanses hair leaving it soft, shiny and deliciously perfumed. Tamy Shampoo Tamy Frutos Rojos 500ml Tamy Zapuyul Tamy Aguacate 500ml Tamy Manzanilla 500ml Tamy Manzanilla 1000ml Tamy S\u00e1bila 1000ml Tamy S\u00e1bila 500ml<\/p>\n","protected":false},"author":6,"featured_media":0,"parent":11184,"menu_order":45,"comment_status":"closed","ping_status":"closed","template":"","meta":{"neve_meta_sidebar":"","neve_meta_container":"","neve_meta_enable_content_width":"","neve_meta_content_width":0,"neve_meta_title_alignment":"","neve_meta_author_avatar":"","neve_post_elements_order":"","neve_meta_disable_header":"","neve_meta_disable_footer":"","neve_meta_disable_title":"on","neve_meta_reading_time":"","_joinchat":[],"footnotes":""},"class_list":["post-11383","page","type-page","status-publish","hentry"],"_links":{"self":[{"href":"https:\/\/industrialapopular.com\/en\/wp-json\/wp\/v2\/pages\/11383","targetHints":{"allow":["GET"]}}],"collection":[{"href":"https:\/\/industrialapopular.com\/en\/wp-json\/wp\/v2\/pages"}],"about":[{"href":"https:\/\/industrialapopular.com\/en\/wp-json\/wp\/v2\/types\/page"}],"author":[{"embeddable":true,"href":"https:\/\/industrialapopular.com\/en\/wp-json\/wp\/v2\/users\/6"}],"replies":[{"embeddable":true,"href":"https:\/\/industrialapopular.com\/en\/wp-json\/wp\/v2\/comments?post=11383"}],"version-history":[{"count":5,"href":"https:\/\/industrialapopular.com\/en\/wp-json\/wp\/v2\/pages\/11383\/revisions"}],"predecessor-version":[{"id":11940,"href":"https:\/\/industrialapopular.com\/en\/wp-json\/wp\/v2\/pages\/11383\/revisions\/11940"}],"up":[{"embeddable":true,"href":"https:\/\/industrialapopular.com\/en\/wp-json\/wp\/v2\/pages\/11184"}],"wp:attachment":[{"href":"https:\/\/industrialapopular.com\/en\/wp-json\/wp\/v2\/media?parent=11383"}],"curies":[{"name":"wp","href":"https:\/\/api.w.org\/{rel}","templated":true}]}}