{"id":11364,"date":"2020-06-26T17:52:54","date_gmt":"2020-06-26T23:52:54","guid":{"rendered":"https:\/\/industrialapopular.com\/brands\/rinso\/"},"modified":"2025-03-12T15:31:11","modified_gmt":"2025-03-12T21:31:11","slug":"rinso","status":"publish","type":"page","link":"https:\/\/industrialapopular.com\/en\/brands\/rinso\/","title":{"rendered":"Rinso"},"content":{"rendered":"\t\t<div data-elementor-type=\"wp-page\" data-elementor-id=\"11364\" class=\"elementor elementor-11364 elementor-4637\" data-elementor-post-type=\"page\">\n\t\t\t\t<div class=\"elementor-element elementor-element-442ec8b e-con-full e-flex e-con e-parent\" data-id=\"442ec8b\" data-element_type=\"container\" data-e-type=\"container\">\n\t\t\t\t<div class=\"elementor-element elementor-element-1a4a9fb elementor-align-left elementor-widget elementor-widget-button\" data-id=\"1a4a9fb\" data-element_type=\"widget\" data-e-type=\"widget\" data-settings=\"{&quot;ekit_we_effect_on&quot;:&quot;none&quot;}\" data-widget_type=\"button.default\">\n\t\t\t\t\t\t\t\t\t\t<a class=\"elementor-button elementor-button-link elementor-size-xs elementor-animation-shrink\" href=\"https:\/\/industrialapopular.com\/en\/brands\/\">\n\t\t\t\t\t\t<span class=\"elementor-button-content-wrapper\">\n\t\t\t\t\t\t<span class=\"elementor-button-icon\">\n\t\t\t\t<svg aria-hidden=\"true\" class=\"e-font-icon-svg e-fas-long-arrow-alt-left\" viewBox=\"0 0 448 512\" xmlns=\"http:\/\/www.w3.org\/2000\/svg\"><path d=\"M134.059 296H436c6.627 0 12-5.373 12-12v-56c0-6.627-5.373-12-12-12H134.059v-46.059c0-21.382-25.851-32.09-40.971-16.971L7.029 239.029c-9.373 9.373-9.373 24.569 0 33.941l86.059 86.059c15.119 15.119 40.971 4.411 40.971-16.971V296z\"><\/path><\/svg>\t\t\t<\/span>\n\t\t\t\t\t\t\t\t\t<span class=\"elementor-button-text\">Back<\/span>\n\t\t\t\t\t<\/span>\n\t\t\t\t\t<\/a>\n\t\t\t\t\t\t\t\t<\/div>\n\t\t\t\t<\/div>\n\t\t<div class=\"elementor-element elementor-element-f73adf2 e-con-full e-flex e-con e-parent\" data-id=\"f73adf2\" data-element_type=\"container\" data-e-type=\"container\">\n\t\t<div class=\"elementor-element elementor-element-2d4a4d3 animated-slow e-con-full e-flex elementor-invisible e-con e-child\" data-id=\"2d4a4d3\" data-element_type=\"container\" data-e-type=\"container\" data-settings=\"{&quot;animation&quot;:&quot;fadeInLeft&quot;}\">\n\t\t\t\t<div class=\"elementor-element elementor-element-6fbc4f6 elementor-widget elementor-widget-image\" data-id=\"6fbc4f6\" data-element_type=\"widget\" data-e-type=\"widget\" data-settings=\"{&quot;ekit_we_effect_on&quot;:&quot;none&quot;}\" data-widget_type=\"image.default\">\n\t\t\t\t\t\t\t\t\t\t\t\t\t\t\t<img fetchpriority=\"high\" decoding=\"async\" width=\"1024\" height=\"420\" src=\"https:\/\/epr4eqhkwx9.exactdn.com\/wp-content\/uploads\/2024\/12\/Rinso-Limon-01-1024x420.png?strip=all\" class=\"attachment-large size-large wp-image-11071\" alt=\"The image shows the logo for Rinso, featuring the name in bold yellow letters with a dark outline.\" srcset=\"https:\/\/epr4eqhkwx9.exactdn.com\/wp-content\/uploads\/2024\/12\/Rinso-Limon-01-1024x420.png?strip=all 1024w, https:\/\/epr4eqhkwx9.exactdn.com\/wp-content\/uploads\/2024\/12\/Rinso-Limon-01-300x123.png?strip=all 300w, https:\/\/epr4eqhkwx9.exactdn.com\/wp-content\/uploads\/2024\/12\/Rinso-Limon-01-768x315.png?strip=all 768w, https:\/\/epr4eqhkwx9.exactdn.com\/wp-content\/uploads\/2024\/12\/Rinso-Limon-01-1536x631.png?strip=all 1536w, https:\/\/epr4eqhkwx9.exactdn.com\/wp-content\/uploads\/2024\/12\/Rinso-Limon-01-2048x841.png?strip=all 2048w, https:\/\/epr4eqhkwx9.exactdn.com\/wp-content\/uploads\/2024\/12\/Rinso-Limon-01.png?strip=all&amp;w=414 414w, https:\/\/epr4eqhkwx9.exactdn.com\/wp-content\/uploads\/2024\/12\/Rinso-Limon-01.png?strip=all&amp;w=828 828w, https:\/\/epr4eqhkwx9.exactdn.com\/wp-content\/uploads\/2024\/12\/Rinso-Limon-01.png?strip=all&amp;w=1242 1242w, https:\/\/epr4eqhkwx9.exactdn.com\/wp-content\/uploads\/2024\/12\/Rinso-Limon-01.png?strip=all&amp;w=1656 1656w\" sizes=\"(max-width: 1024px) 100vw, 1024px\" \/>\t\t\t\t\t\t\t\t\t\t\t\t\t\t\t<\/div>\n\t\t\t\t<\/div>\n\t\t<div class=\"elementor-element elementor-element-be14a3f animated-slow e-con-full e-flex elementor-invisible e-con e-child\" data-id=\"be14a3f\" data-element_type=\"container\" data-e-type=\"container\" data-settings=\"{&quot;animation&quot;:&quot;fadeInRight&quot;}\">\n\t\t\t\t<div class=\"elementor-element elementor-element-af047af elementor-widget elementor-widget-heading\" data-id=\"af047af\" data-element_type=\"widget\" data-e-type=\"widget\" data-settings=\"{&quot;ekit_we_effect_on&quot;:&quot;none&quot;}\" data-widget_type=\"heading.default\">\n\t\t\t\t\t<h1 class=\"elementor-heading-title elementor-size-default\">Rinso<\/h1>\t\t\t\t<\/div>\n\t\t\t\t<div class=\"elementor-element elementor-element-a3ca496 elementor-widget-divider--view-line elementor-widget elementor-widget-divider\" data-id=\"a3ca496\" data-element_type=\"widget\" data-e-type=\"widget\" data-settings=\"{&quot;ekit_we_effect_on&quot;:&quot;none&quot;}\" data-widget_type=\"divider.default\">\n\t\t\t\t\t\t\t<div class=\"elementor-divider\">\n\t\t\t<span class=\"elementor-divider-separator\">\n\t\t\t\t\t\t<\/span>\n\t\t<\/div>\n\t\t\t\t\t\t<\/div>\n\t\t\t\t<div class=\"elementor-element elementor-element-baa0ef6 elementor-widget elementor-widget-text-editor\" data-id=\"baa0ef6\" data-element_type=\"widget\" data-e-type=\"widget\" data-settings=\"{&quot;ekit_we_effect_on&quot;:&quot;none&quot;}\" data-widget_type=\"text-editor.default\">\n\t\t\t\t\t\t\t\t\t<p>Rinso Detergent Bar will make you experience an effective and satisfactory cleaning, thanks to its advanced formula with high performance ingredients, foam activators and combination of active ingredients that remove the most difficult to remove stains on dishes, clothes and surfaces, leaving a pleasant and fresh lemon scent.<\/p>\n\t\t\t\t\t\t\t\t<\/div>\n\t\t\t\t<div class=\"elementor-element elementor-element-c8ffd1a elementor-widget elementor-widget-heading\" data-id=\"c8ffd1a\" data-element_type=\"widget\" data-e-type=\"widget\" data-settings=\"{&quot;ekit_we_effect_on&quot;:&quot;none&quot;}\" data-widget_type=\"heading.default\">\n\t\t\t\t\t<h2 class=\"elementor-heading-title elementor-size-default\">Follow us at<\/h2>\t\t\t\t<\/div>\n\t\t\t\t<div class=\"elementor-element elementor-element-0d10e8f elementor-shape-circle e-grid-align-left elementor-grid-0 elementor-widget elementor-widget-social-icons\" data-id=\"0d10e8f\" data-element_type=\"widget\" data-e-type=\"widget\" data-settings=\"{&quot;ekit_we_effect_on&quot;:&quot;none&quot;}\" data-widget_type=\"social-icons.default\">\n\t\t\t\t\t\t\t<div class=\"elementor-social-icons-wrapper elementor-grid\">\n\t\t\t\t\t\t\t<span class=\"elementor-grid-item\">\n\t\t\t\t\t<a class=\"elementor-icon elementor-social-icon elementor-social-icon-facebook-f elementor-repeater-item-6ff3bdf\" href=\"https:\/\/www.facebook.com\/Barra.Rinso\" target=\"_blank\" rel=\"noopener noreferrer nofollow\">\n\t\t\t\t\t\t<span class=\"elementor-screen-only\">Facebook-f<\/span>\n\t\t\t\t\t\t<svg aria-hidden=\"true\" class=\"e-font-icon-svg e-fab-facebook-f\" viewBox=\"0 0 320 512\" xmlns=\"http:\/\/www.w3.org\/2000\/svg\"><path d=\"M279.14 288l14.22-92.66h-88.91v-60.13c0-25.35 12.42-50.06 52.24-50.06h40.42V6.26S260.43 0 225.36 0c-73.22 0-121.08 44.38-121.08 124.72v70.62H22.89V288h81.39v224h100.17V288z\"><\/path><\/svg>\t\t\t\t\t<\/a>\n\t\t\t\t<\/span>\n\t\t\t\t\t<\/div>\n\t\t\t\t\t\t<\/div>\n\t\t\t\t<\/div>\n\t\t\t\t<\/div>\n\t\t<div class=\"elementor-element elementor-element-773b218 e-con-full animated-slow e-flex elementor-invisible e-con e-parent\" data-id=\"773b218\" data-element_type=\"container\" data-e-type=\"container\" data-settings=\"{&quot;animation&quot;:&quot;fadeInUp&quot;}\">\n\t\t<div class=\"elementor-element elementor-element-31721df e-con-full e-flex e-con e-child\" data-id=\"31721df\" data-element_type=\"container\" data-e-type=\"container\">\n\t\t\t\t<div class=\"elementor-element elementor-element-22c580c elementor-widget elementor-widget-heading\" data-id=\"22c580c\" data-element_type=\"widget\" data-e-type=\"widget\" data-settings=\"{&quot;ekit_we_effect_on&quot;:&quot;none&quot;}\" data-widget_type=\"heading.default\">\n\t\t\t\t\t<h3 class=\"elementor-heading-title elementor-size-default\">Rinso Lemon<\/h3>\t\t\t\t<\/div>\n\t\t\t\t<div class=\"elementor-element elementor-element-ff71e1d elementor-skin-carousel elementor-arrows-yes elementor-pagination-type-bullets elementor-pagination-position-outside elementor-widget elementor-widget-media-carousel\" data-id=\"ff71e1d\" data-element_type=\"widget\" data-e-type=\"widget\" data-settings=\"{&quot;slides_per_view&quot;:&quot;4&quot;,&quot;skin&quot;:&quot;carousel&quot;,&quot;effect&quot;:&quot;slide&quot;,&quot;show_arrows&quot;:&quot;yes&quot;,&quot;pagination&quot;:&quot;bullets&quot;,&quot;speed&quot;:500,&quot;autoplay&quot;:&quot;yes&quot;,&quot;autoplay_speed&quot;:5000,&quot;pause_on_hover&quot;:&quot;yes&quot;,&quot;pause_on_interaction&quot;:&quot;yes&quot;,&quot;space_between&quot;:{&quot;unit&quot;:&quot;px&quot;,&quot;size&quot;:10,&quot;sizes&quot;:[]},&quot;space_between_tablet&quot;:{&quot;unit&quot;:&quot;px&quot;,&quot;size&quot;:10,&quot;sizes&quot;:[]},&quot;space_between_mobile&quot;:{&quot;unit&quot;:&quot;px&quot;,&quot;size&quot;:10,&quot;sizes&quot;:[]},&quot;ekit_we_effect_on&quot;:&quot;none&quot;}\" data-widget_type=\"media-carousel.default\">\n\t\t\t\t\t\t\t\t\t\t<div class=\"elementor-main-swiper swiper\" role=\"region\" aria-roledescription=\"carousel\" aria-label=\"Slides\">\n\t\t\t\t<div class=\"swiper-wrapper\">\n\t\t\t\t\t\t\t\t\t\t\t<div class=\"swiper-slide\" role=\"group\" aria-roledescription=\"slide\">\n\t\t\t\t\t\t\t<a href=\"https:\/\/epr4eqhkwx9.exactdn.com\/wp-content\/uploads\/2025\/01\/Montaje-Rinso-Limon-Disco-90g-Nueva-Imagen.png?strip=all&w=2560\" data-elementor-open-lightbox=\"yes\" data-elementor-lightbox-slideshow=\"ff71e1d\" data-elementor-lightbox-title=\"Montaje Rinso Limo\u0301n Disco 90g Nueva Imagen\" data-e-action-hash=\"#elementor-action%3Aaction%3Dlightbox%26settings%3DeyJpZCI6OTg1MywidXJsIjoiaHR0cHM6XC9cL2luZHVzdHJpYWxhcG9wdWxhci5jb21cL3dwLWNvbnRlbnRcL3VwbG9hZHNcLzIwMjVcLzAxXC9Nb250YWplLVJpbnNvLUxpbW9uLURpc2NvLTkwZy1OdWV2YS1JbWFnZW4ucG5nIiwic2xpZGVzaG93IjoiZmY3MWUxZCJ9\">\t\t<div class=\"elementor-carousel-image\" role=\"img\" aria-label=\"Un paquete de 90 g de detergente Rinso con fragancia de lima, con un dise\u00f1o verde y amarillo brillante, im\u00e1genes de lima y texto que resalta los usos m\u00faltiples y el control de olores.\" style=\"background-image: url(&#039;https:\/\/epr4eqhkwx9.exactdn.com\/wp-content\/uploads\/2025\/01\/Montaje-Rinso-Limon-Disco-90g-Nueva-Imagen.png?strip=all&#039;)\">\n\n\t\t\t\n\t\t\t\t\t<\/div>\n\t\t\t\t\t<div class=\"elementor-carousel-image-overlay e-overlay-animation-fade\">\n\t\t\t\tMontaje Rinso Limo\u0301n Disco 90g Nueva Imagen\t\t\t<\/div>\n\t\t\t<\/a>\t\t\t\t\t\t<\/div>\n\t\t\t\t\t\t\t\t\t\t\t<div class=\"swiper-slide\" role=\"group\" aria-roledescription=\"slide\">\n\t\t\t\t\t\t\t<a href=\"https:\/\/epr4eqhkwx9.exactdn.com\/wp-content\/uploads\/2025\/01\/Montaje-Rinso-Cilindro-400-g-Nueva-Imagen.png?strip=all&w=2560\" data-elementor-open-lightbox=\"yes\" data-elementor-lightbox-slideshow=\"ff71e1d\" data-elementor-lightbox-title=\"Montaje Rinso Cilindro 400 g Nueva Imagen\" data-e-action-hash=\"#elementor-action%3Aaction%3Dlightbox%26settings%3DeyJpZCI6OTg1NCwidXJsIjoiaHR0cHM6XC9cL2luZHVzdHJpYWxhcG9wdWxhci5jb21cL3dwLWNvbnRlbnRcL3VwbG9hZHNcLzIwMjVcLzAxXC9Nb250YWplLVJpbnNvLUNpbGluZHJvLTQwMC1nLU51ZXZhLUltYWdlbi5wbmciLCJzbGlkZXNob3ciOiJmZjcxZTFkIn0%3D\">\t\t<div class=\"elementor-carousel-image\" role=\"img\" aria-label=\"Paquete verde de detergente en barra Rinso Lim\u00f3n, 400 g, con im\u00e1genes de lim\u00f3n y texto azul que resalta &quot;M\u00c1S RENDIMIENTO&quot;.\" style=\"background-image: url(&#039;https:\/\/epr4eqhkwx9.exactdn.com\/wp-content\/uploads\/2025\/01\/Montaje-Rinso-Cilindro-400-g-Nueva-Imagen.png?strip=all&#039;)\">\n\n\t\t\t\n\t\t\t\t\t<\/div>\n\t\t\t\t\t<div class=\"elementor-carousel-image-overlay e-overlay-animation-fade\">\n\t\t\t\tMontaje Rinso Cilindro 400 g Nueva Imagen\t\t\t<\/div>\n\t\t\t<\/a>\t\t\t\t\t\t<\/div>\n\t\t\t\t\t\t\t\t\t\t\t<div class=\"swiper-slide\" role=\"group\" aria-roledescription=\"slide\">\n\t\t\t\t\t\t\t<a href=\"https:\/\/epr4eqhkwx9.exactdn.com\/wp-content\/uploads\/2025\/01\/Montaje-Rinso-Cilindro-320-g-Nueva-Imagen.png?strip=all&w=2560\" data-elementor-open-lightbox=\"yes\" data-elementor-lightbox-slideshow=\"ff71e1d\" data-elementor-lightbox-title=\"Montaje Rinso Cilindro 320 g Nueva Imagen\" data-e-action-hash=\"#elementor-action%3Aaction%3Dlightbox%26settings%3DeyJpZCI6OTg1NSwidXJsIjoiaHR0cHM6XC9cL2luZHVzdHJpYWxhcG9wdWxhci5jb21cL3dwLWNvbnRlbnRcL3VwbG9hZHNcLzIwMjVcLzAxXC9Nb250YWplLVJpbnNvLUNpbGluZHJvLTMyMC1nLU51ZXZhLUltYWdlbi5wbmciLCJzbGlkZXNob3ciOiJmZjcxZTFkIn0%3D\">\t\t<div class=\"elementor-carousel-image\" role=\"img\" aria-label=\"Paquete verde de detergente Rinso Lim\u00f3n, 320g, con im\u00e1genes de lima y texto que resalta los beneficios de eliminaci\u00f3n de grasa y usos m\u00faltiples.\" style=\"background-image: url(&#039;https:\/\/epr4eqhkwx9.exactdn.com\/wp-content\/uploads\/2025\/01\/Montaje-Rinso-Cilindro-320-g-Nueva-Imagen.png?strip=all&#039;)\">\n\n\t\t\t\n\t\t\t\t\t<\/div>\n\t\t\t\t\t<div class=\"elementor-carousel-image-overlay e-overlay-animation-fade\">\n\t\t\t\tMontaje Rinso Cilindro 320 g Nueva Imagen\t\t\t<\/div>\n\t\t\t<\/a>\t\t\t\t\t\t<\/div>\n\t\t\t\t\t\t\t\t\t<\/div>\n\t\t\t\t\t\t\t\t\t\t\t\t\t\t\t<div class=\"elementor-swiper-button elementor-swiper-button-prev\" role=\"button\" tabindex=\"0\" aria-label=\"Previous\">\n\t\t\t\t\t\t\t<svg aria-hidden=\"true\" class=\"e-font-icon-svg e-eicon-chevron-left\" viewBox=\"0 0 1000 1000\" xmlns=\"http:\/\/www.w3.org\/2000\/svg\"><path d=\"M646 125C629 125 613 133 604 142L308 442C296 454 292 471 292 487 292 504 296 521 308 533L604 854C617 867 629 875 646 875 663 875 679 871 692 858 704 846 713 829 713 812 713 796 708 779 692 767L438 487 692 225C700 217 708 204 708 187 708 171 704 154 692 142 675 129 663 125 646 125Z\"><\/path><\/svg>\t\t\t\t\t\t<\/div>\n\t\t\t\t\t\t<div class=\"elementor-swiper-button elementor-swiper-button-next\" role=\"button\" tabindex=\"0\" aria-label=\"Next\">\n\t\t\t\t\t\t\t<svg aria-hidden=\"true\" class=\"e-font-icon-svg e-eicon-chevron-right\" viewBox=\"0 0 1000 1000\" xmlns=\"http:\/\/www.w3.org\/2000\/svg\"><path d=\"M696 533C708 521 713 504 713 487 713 471 708 454 696 446L400 146C388 133 375 125 354 125 338 125 325 129 313 142 300 154 292 171 292 187 292 204 296 221 308 233L563 492 304 771C292 783 288 800 288 817 288 833 296 850 308 863 321 871 338 875 354 875 371 875 388 867 400 854L696 533Z\"><\/path><\/svg>\t\t\t\t\t\t<\/div>\n\t\t\t\t\t\t\t\t\t\t\t\t\t\t\t\t<div class=\"swiper-pagination\"><\/div>\n\t\t\t\t\t\t\t\t\t\t\t\t<\/div>\n\t\t\t\t\t\t\t\t<\/div>\n\t\t\t\t<div class=\"elementor-element elementor-element-c3fd243 elementor-widget elementor-widget-heading\" data-id=\"c3fd243\" data-element_type=\"widget\" data-e-type=\"widget\" data-settings=\"{&quot;ekit_we_effect_on&quot;:&quot;none&quot;}\" data-widget_type=\"heading.default\">\n\t\t\t\t\t<h3 class=\"elementor-heading-title elementor-size-default\">Rinso Oatmeal<\/h3>\t\t\t\t<\/div>\n\t\t\t\t<div class=\"elementor-element elementor-element-a4d2753 elementor-skin-carousel elementor-arrows-yes elementor-pagination-type-bullets elementor-pagination-position-outside elementor-widget elementor-widget-media-carousel\" data-id=\"a4d2753\" data-element_type=\"widget\" data-e-type=\"widget\" data-settings=\"{&quot;slides_per_view&quot;:&quot;4&quot;,&quot;skin&quot;:&quot;carousel&quot;,&quot;effect&quot;:&quot;slide&quot;,&quot;show_arrows&quot;:&quot;yes&quot;,&quot;pagination&quot;:&quot;bullets&quot;,&quot;speed&quot;:500,&quot;autoplay&quot;:&quot;yes&quot;,&quot;autoplay_speed&quot;:5000,&quot;pause_on_hover&quot;:&quot;yes&quot;,&quot;pause_on_interaction&quot;:&quot;yes&quot;,&quot;space_between&quot;:{&quot;unit&quot;:&quot;px&quot;,&quot;size&quot;:10,&quot;sizes&quot;:[]},&quot;space_between_tablet&quot;:{&quot;unit&quot;:&quot;px&quot;,&quot;size&quot;:10,&quot;sizes&quot;:[]},&quot;space_between_mobile&quot;:{&quot;unit&quot;:&quot;px&quot;,&quot;size&quot;:10,&quot;sizes&quot;:[]},&quot;ekit_we_effect_on&quot;:&quot;none&quot;}\" data-widget_type=\"media-carousel.default\">\n\t\t\t\t\t\t\t\t\t\t<div class=\"elementor-main-swiper swiper\" role=\"region\" aria-roledescription=\"carousel\" aria-label=\"Slides\">\n\t\t\t\t<div class=\"swiper-wrapper\">\n\t\t\t\t\t\t\t\t\t\t\t<div class=\"swiper-slide\" role=\"group\" aria-roledescription=\"slide\">\n\t\t\t\t\t\t\t<a href=\"https:\/\/epr4eqhkwx9.exactdn.com\/wp-content\/uploads\/2024\/07\/Montaje-Rinso-Avena-90-g.png?strip=all&w=2560\" data-elementor-open-lightbox=\"yes\" data-elementor-lightbox-slideshow=\"a4d2753\" data-elementor-lightbox-title=\"Montaje Rinso Avena 90 g\" data-e-action-hash=\"#elementor-action%3Aaction%3Dlightbox%26settings%3DeyJpZCI6Nzg5OCwidXJsIjoiaHR0cHM6XC9cL2luZHVzdHJpYWxhcG9wdWxhci5jb21cL3dwLWNvbnRlbnRcL3VwbG9hZHNcLzIwMjRcLzA3XC9Nb250YWplLVJpbnNvLUF2ZW5hLTkwLWcucG5nIiwic2xpZGVzaG93IjoiYTRkMjc1MyJ9\">\t\t<div class=\"elementor-carousel-image\" role=\"img\" aria-label=\"Envase de detergente en barra multiusos antibacteriano Rinso, 90g, con extracto de avena.\" style=\"background-image: url(&#039;https:\/\/epr4eqhkwx9.exactdn.com\/wp-content\/uploads\/2024\/07\/Montaje-Rinso-Avena-90-g.png?strip=all&#039;)\">\n\n\t\t\t\n\t\t\t\t\t<\/div>\n\t\t\t\t\t<div class=\"elementor-carousel-image-overlay e-overlay-animation-fade\">\n\t\t\t\tMontaje Rinso Avena 90 g\t\t\t<\/div>\n\t\t\t<\/a>\t\t\t\t\t\t<\/div>\n\t\t\t\t\t\t\t\t\t\t\t<div class=\"swiper-slide\" role=\"group\" aria-roledescription=\"slide\">\n\t\t\t\t\t\t\t\t\t<div class=\"elementor-carousel-image\" role=\"img\" aria-label=\"Jab\u00f3n detergente multiusos Rinso en barra con extracto de avena, propiedad antibacteriana y peso de 220 g. El empaque muestra im\u00e1genes de platos, ropa y un fregadero.\" style=\"background-image: url(&#039;https:\/\/epr4eqhkwx9.exactdn.com\/wp-content\/uploads\/2024\/07\/Montaje-Rinso-Avena-320-g.png?strip=all&#039;)\">\n\n\t\t\t\n\t\t\t\t\t<\/div>\n\t\t\t\t\t<div class=\"elementor-carousel-image-overlay e-overlay-animation-fade\">\n\t\t\t\tMontaje Rinso Avena 320 g\t\t\t<\/div>\n\t\t\t\t\t\t\t\t\t<\/div>\n\t\t\t\t\t\t\t\t\t<\/div>\n\t\t\t\t\t\t\t\t\t\t\t\t\t\t\t<div class=\"elementor-swiper-button elementor-swiper-button-prev\" role=\"button\" tabindex=\"0\" aria-label=\"Previous\">\n\t\t\t\t\t\t\t<svg aria-hidden=\"true\" class=\"e-font-icon-svg e-eicon-chevron-left\" viewBox=\"0 0 1000 1000\" xmlns=\"http:\/\/www.w3.org\/2000\/svg\"><path d=\"M646 125C629 125 613 133 604 142L308 442C296 454 292 471 292 487 292 504 296 521 308 533L604 854C617 867 629 875 646 875 663 875 679 871 692 858 704 846 713 829 713 812 713 796 708 779 692 767L438 487 692 225C700 217 708 204 708 187 708 171 704 154 692 142 675 129 663 125 646 125Z\"><\/path><\/svg>\t\t\t\t\t\t<\/div>\n\t\t\t\t\t\t<div class=\"elementor-swiper-button elementor-swiper-button-next\" role=\"button\" tabindex=\"0\" aria-label=\"Next\">\n\t\t\t\t\t\t\t<svg aria-hidden=\"true\" class=\"e-font-icon-svg e-eicon-chevron-right\" viewBox=\"0 0 1000 1000\" xmlns=\"http:\/\/www.w3.org\/2000\/svg\"><path d=\"M696 533C708 521 713 504 713 487 713 471 708 454 696 446L400 146C388 133 375 125 354 125 338 125 325 129 313 142 300 154 292 171 292 187 292 204 296 221 308 233L563 492 304 771C292 783 288 800 288 817 288 833 296 850 308 863 321 871 338 875 354 875 371 875 388 867 400 854L696 533Z\"><\/path><\/svg>\t\t\t\t\t\t<\/div>\n\t\t\t\t\t\t\t\t\t\t\t\t\t\t\t\t<div class=\"swiper-pagination\"><\/div>\n\t\t\t\t\t\t\t\t\t\t\t\t<\/div>\n\t\t\t\t\t\t\t\t<\/div>\n\t\t\t\t<div class=\"elementor-element elementor-element-2ccd6ff elementor-widget elementor-widget-heading\" data-id=\"2ccd6ff\" data-element_type=\"widget\" data-e-type=\"widget\" data-settings=\"{&quot;ekit_we_effect_on&quot;:&quot;none&quot;}\" data-widget_type=\"heading.default\">\n\t\t\t\t\t<h3 class=\"elementor-heading-title elementor-size-default\">Rinso Aloe Vera<\/h3>\t\t\t\t<\/div>\n\t\t\t\t<div class=\"elementor-element elementor-element-4854978 elementor-skin-carousel elementor-arrows-yes elementor-pagination-type-bullets elementor-pagination-position-outside elementor-widget elementor-widget-media-carousel\" data-id=\"4854978\" data-element_type=\"widget\" data-e-type=\"widget\" data-settings=\"{&quot;slides_per_view&quot;:&quot;4&quot;,&quot;skin&quot;:&quot;carousel&quot;,&quot;effect&quot;:&quot;slide&quot;,&quot;show_arrows&quot;:&quot;yes&quot;,&quot;pagination&quot;:&quot;bullets&quot;,&quot;speed&quot;:500,&quot;autoplay&quot;:&quot;yes&quot;,&quot;autoplay_speed&quot;:5000,&quot;pause_on_hover&quot;:&quot;yes&quot;,&quot;pause_on_interaction&quot;:&quot;yes&quot;,&quot;space_between&quot;:{&quot;unit&quot;:&quot;px&quot;,&quot;size&quot;:10,&quot;sizes&quot;:[]},&quot;space_between_tablet&quot;:{&quot;unit&quot;:&quot;px&quot;,&quot;size&quot;:10,&quot;sizes&quot;:[]},&quot;space_between_mobile&quot;:{&quot;unit&quot;:&quot;px&quot;,&quot;size&quot;:10,&quot;sizes&quot;:[]},&quot;ekit_we_effect_on&quot;:&quot;none&quot;}\" data-widget_type=\"media-carousel.default\">\n\t\t\t\t\t\t\t\t\t\t<div class=\"elementor-main-swiper swiper\" role=\"region\" aria-roledescription=\"carousel\" aria-label=\"Slides\">\n\t\t\t\t<div class=\"swiper-wrapper\">\n\t\t\t\t\t\t\t\t\t\t\t<div class=\"swiper-slide\" role=\"group\" aria-roledescription=\"slide\">\n\t\t\t\t\t\t\t<a href=\"https:\/\/epr4eqhkwx9.exactdn.com\/wp-content\/uploads\/2024\/08\/Montaje-Rinso-Aloe-Vera-Multiusos-Marqueta-320g-002.png?strip=all&w=2560\" data-elementor-open-lightbox=\"yes\" data-elementor-lightbox-slideshow=\"4854978\" data-elementor-lightbox-title=\"Montaje-Rinso-Aloe-Vera-Multiusos-Marqueta-320g (002)\" data-e-action-hash=\"#elementor-action%3Aaction%3Dlightbox%26settings%3DeyJpZCI6ODA1OSwidXJsIjoiaHR0cHM6XC9cL2luZHVzdHJpYWxhcG9wdWxhci5jb21cL3dwLWNvbnRlbnRcL3VwbG9hZHNcLzIwMjRcLzA4XC9Nb250YWplLVJpbnNvLUFsb2UtVmVyYS1NdWx0aXVzb3MtTWFycXVldGEtMzIwZy0wMDIucG5nIiwic2xpZGVzaG93IjoiNDg1NDk3OCJ9\">\t\t<div class=\"elementor-carousel-image\" role=\"img\" aria-label=\"Paquete verde de barra de detergente Rinso con Aloe Vera, etiquetado \u201cMULTIUSOS\u201d y con \u00edconos para platos, ropa y superficies.\" style=\"background-image: url(&#039;https:\/\/epr4eqhkwx9.exactdn.com\/wp-content\/uploads\/2024\/08\/Montaje-Rinso-Aloe-Vera-Multiusos-Marqueta-320g-002.png?strip=all&#039;)\">\n\n\t\t\t\n\t\t\t\t\t<\/div>\n\t\t\t\t\t<div class=\"elementor-carousel-image-overlay e-overlay-animation-fade\">\n\t\t\t\tMontaje-Rinso-Aloe-Vera-Multiusos-Marqueta-320g (002)\t\t\t<\/div>\n\t\t\t<\/a>\t\t\t\t\t\t<\/div>\n\t\t\t\t\t\t\t\t\t<\/div>\n\t\t\t\t\t\t\t<\/div>\n\t\t\t\t\t\t\t\t<\/div>\n\t\t\t\t<\/div>\n\t\t\t\t<\/div>\n\t\t\t\t<\/div>\n\t\t","protected":false},"excerpt":{"rendered":"<p>Back Rinso Rinso Detergent Bar will make you experience an effective and satisfactory cleaning, thanks to its advanced formula with high performance ingredients, foam activators and combination of active ingredients that remove the most difficult to remove stains on dishes, clothes and surfaces, leaving a pleasant and fresh lemon scent. Follow us at Facebook-f Rinso&hellip;&nbsp;<\/p>\n","protected":false},"author":6,"featured_media":0,"parent":11142,"menu_order":0,"comment_status":"closed","ping_status":"closed","template":"","meta":{"neve_meta_sidebar":"","neve_meta_container":"","neve_meta_enable_content_width":"","neve_meta_content_width":0,"neve_meta_title_alignment":"","neve_meta_author_avatar":"","neve_post_elements_order":"","neve_meta_disable_header":"","neve_meta_disable_footer":"","neve_meta_disable_title":"on","neve_meta_reading_time":"","_joinchat":[],"footnotes":""},"class_list":["post-11364","page","type-page","status-publish","hentry"],"_links":{"self":[{"href":"https:\/\/industrialapopular.com\/en\/wp-json\/wp\/v2\/pages\/11364","targetHints":{"allow":["GET"]}}],"collection":[{"href":"https:\/\/industrialapopular.com\/en\/wp-json\/wp\/v2\/pages"}],"about":[{"href":"https:\/\/industrialapopular.com\/en\/wp-json\/wp\/v2\/types\/page"}],"author":[{"embeddable":true,"href":"https:\/\/industrialapopular.com\/en\/wp-json\/wp\/v2\/users\/6"}],"replies":[{"embeddable":true,"href":"https:\/\/industrialapopular.com\/en\/wp-json\/wp\/v2\/comments?post=11364"}],"version-history":[{"count":4,"href":"https:\/\/industrialapopular.com\/en\/wp-json\/wp\/v2\/pages\/11364\/revisions"}],"predecessor-version":[{"id":11939,"href":"https:\/\/industrialapopular.com\/en\/wp-json\/wp\/v2\/pages\/11364\/revisions\/11939"}],"up":[{"embeddable":true,"href":"https:\/\/industrialapopular.com\/en\/wp-json\/wp\/v2\/pages\/11142"}],"wp:attachment":[{"href":"https:\/\/industrialapopular.com\/en\/wp-json\/wp\/v2\/media?parent=11364"}],"curies":[{"name":"wp","href":"https:\/\/api.w.org\/{rel}","templated":true}]}}