{"id":11340,"date":"2020-09-30T11:12:53","date_gmt":"2020-09-30T17:12:53","guid":{"rendered":"https:\/\/industrialapopular.com\/brands\/personal-care\/alan-kliff\/"},"modified":"2025-03-12T15:31:00","modified_gmt":"2025-03-12T21:31:00","slug":"alan-kliff","status":"publish","type":"page","link":"https:\/\/industrialapopular.com\/en\/brands\/personal-care\/alan-kliff\/","title":{"rendered":"Alan Kliff"},"content":{"rendered":"\t\t<div data-elementor-type=\"wp-page\" data-elementor-id=\"11340\" class=\"elementor elementor-11340 elementor-4916\" data-elementor-post-type=\"page\">\n\t\t\t\t<div class=\"elementor-element elementor-element-8cca41d e-con-full e-flex e-con e-parent\" data-id=\"8cca41d\" data-element_type=\"container\" data-e-type=\"container\">\n\t\t\t\t<div class=\"elementor-element elementor-element-65541e1 elementor-align-left elementor-widget elementor-widget-button\" data-id=\"65541e1\" data-element_type=\"widget\" data-e-type=\"widget\" data-settings=\"{&quot;ekit_we_effect_on&quot;:&quot;none&quot;}\" data-widget_type=\"button.default\">\n\t\t\t\t\t\t\t\t\t\t<a class=\"elementor-button elementor-button-link elementor-size-xs elementor-animation-shrink\" href=\"https:\/\/industrialapopular.com\/en\/brands\/personal-care\/\">\n\t\t\t\t\t\t<span class=\"elementor-button-content-wrapper\">\n\t\t\t\t\t\t<span class=\"elementor-button-icon\">\n\t\t\t\t<svg aria-hidden=\"true\" class=\"e-font-icon-svg e-fas-long-arrow-alt-left\" viewBox=\"0 0 448 512\" xmlns=\"http:\/\/www.w3.org\/2000\/svg\"><path d=\"M134.059 296H436c6.627 0 12-5.373 12-12v-56c0-6.627-5.373-12-12-12H134.059v-46.059c0-21.382-25.851-32.09-40.971-16.971L7.029 239.029c-9.373 9.373-9.373 24.569 0 33.941l86.059 86.059c15.119 15.119 40.971 4.411 40.971-16.971V296z\"><\/path><\/svg>\t\t\t<\/span>\n\t\t\t\t\t\t\t\t\t<span class=\"elementor-button-text\">Back<\/span>\n\t\t\t\t\t<\/span>\n\t\t\t\t\t<\/a>\n\t\t\t\t\t\t\t\t<\/div>\n\t\t\t\t<\/div>\n\t\t<div class=\"elementor-element elementor-element-10ca3d8 e-con-full e-flex e-con e-parent\" data-id=\"10ca3d8\" data-element_type=\"container\" data-e-type=\"container\">\n\t\t<div class=\"elementor-element elementor-element-6fb8b36 e-con-full animated-slow e-flex elementor-invisible e-con e-child\" data-id=\"6fb8b36\" data-element_type=\"container\" data-e-type=\"container\" data-settings=\"{&quot;animation&quot;:&quot;fadeInLeft&quot;}\">\n\t\t\t\t<div class=\"elementor-element elementor-element-4316f47 elementor-widget elementor-widget-image\" data-id=\"4316f47\" data-element_type=\"widget\" data-e-type=\"widget\" data-settings=\"{&quot;ekit_we_effect_on&quot;:&quot;none&quot;}\" data-widget_type=\"image.default\">\n\t\t\t\t\t\t\t\t\t\t\t\t\t\t\t<img fetchpriority=\"high\" decoding=\"async\" width=\"1024\" height=\"1024\" src=\"https:\/\/epr4eqhkwx9.exactdn.com\/wp-content\/uploads\/2024\/12\/logo-alan-kliff-1024x1024.png?strip=all\" class=\"attachment-large size-large wp-image-11061\" alt=\"Logo with large initials &quot;A.K.&quot; in gray gradient, a black dot, and the name &quot;ALAN KLIFF&quot; beneath in smaller font. The sleek design on a black background evokes sophistication, mirroring the refinement seen in high-end personal care brands.\" srcset=\"https:\/\/epr4eqhkwx9.exactdn.com\/wp-content\/uploads\/2024\/12\/logo-alan-kliff-1024x1024.png?strip=all 1024w, https:\/\/epr4eqhkwx9.exactdn.com\/wp-content\/uploads\/2024\/12\/logo-alan-kliff-300x300.png?strip=all 300w, https:\/\/epr4eqhkwx9.exactdn.com\/wp-content\/uploads\/2024\/12\/logo-alan-kliff-150x150.png?strip=all 150w, https:\/\/epr4eqhkwx9.exactdn.com\/wp-content\/uploads\/2024\/12\/logo-alan-kliff-768x768.png?strip=all 768w, https:\/\/epr4eqhkwx9.exactdn.com\/wp-content\/uploads\/2024\/12\/logo-alan-kliff.png?strip=all 1500w, https:\/\/epr4eqhkwx9.exactdn.com\/wp-content\/uploads\/2024\/12\/logo-alan-kliff.png?strip=all&amp;w=600 600w, https:\/\/epr4eqhkwx9.exactdn.com\/wp-content\/uploads\/2024\/12\/logo-alan-kliff.png?strip=all&amp;w=900 900w, https:\/\/epr4eqhkwx9.exactdn.com\/wp-content\/uploads\/2024\/12\/logo-alan-kliff.png?strip=all&amp;w=1200 1200w, https:\/\/epr4eqhkwx9.exactdn.com\/wp-content\/uploads\/2024\/12\/logo-alan-kliff.png?strip=all&amp;w=450 450w\" sizes=\"(max-width: 1024px) 100vw, 1024px\" \/>\t\t\t\t\t\t\t\t\t\t\t\t\t\t\t<\/div>\n\t\t\t\t<\/div>\n\t\t<div class=\"elementor-element elementor-element-bbb03f2 e-con-full animated-slow e-flex elementor-invisible e-con e-child\" data-id=\"bbb03f2\" data-element_type=\"container\" data-e-type=\"container\" data-settings=\"{&quot;animation&quot;:&quot;fadeInRight&quot;}\">\n\t\t\t\t<div class=\"elementor-element elementor-element-5146915 elementor-widget elementor-widget-heading\" data-id=\"5146915\" data-element_type=\"widget\" data-e-type=\"widget\" data-settings=\"{&quot;ekit_we_effect_on&quot;:&quot;none&quot;}\" data-widget_type=\"heading.default\">\n\t\t\t\t\t<h1 class=\"elementor-heading-title elementor-size-default\">Alan Kliff<\/h1>\t\t\t\t<\/div>\n\t\t\t\t<div class=\"elementor-element elementor-element-2f89858 animated-fast elementor-widget-divider--view-line elementor-invisible elementor-widget elementor-widget-divider\" data-id=\"2f89858\" data-element_type=\"widget\" data-e-type=\"widget\" data-settings=\"{&quot;_animation&quot;:&quot;rubberBand&quot;,&quot;ekit_we_effect_on&quot;:&quot;none&quot;}\" data-widget_type=\"divider.default\">\n\t\t\t\t\t\t\t<div class=\"elementor-divider\">\n\t\t\t<span class=\"elementor-divider-separator\">\n\t\t\t\t\t\t<\/span>\n\t\t<\/div>\n\t\t\t\t\t\t<\/div>\n\t\t\t\t<div class=\"elementor-element elementor-element-25b3ceb elementor-widget elementor-widget-text-editor\" data-id=\"25b3ceb\" data-element_type=\"widget\" data-e-type=\"widget\" data-settings=\"{&quot;ekit_we_effect_on&quot;:&quot;none&quot;}\" data-widget_type=\"text-editor.default\">\n\t\t\t\t\t\t\t\t\t<p style=\"font-weight: 400;\">Give new life to your hair with our salt-free, paraben-free and thermal protection shampoo and conditioner varieties.<\/p>\n<p style=\"font-weight: 400;\">Its premium formulas contain ingredients such as Keratin, jojoba, argan and macadamia among others. Alan Kliff will help you nourish and repair your hair to make it look like never before.<\/p>\n\t\t\t\t\t\t\t\t<\/div>\n\t\t\t\t<div class=\"elementor-element elementor-element-b6c1d47 elementor-widget elementor-widget-heading\" data-id=\"b6c1d47\" data-element_type=\"widget\" data-e-type=\"widget\" data-settings=\"{&quot;ekit_we_effect_on&quot;:&quot;none&quot;}\" data-widget_type=\"heading.default\">\n\t\t\t\t\t<h2 class=\"elementor-heading-title elementor-size-default\">Follow us at<\/h2>\t\t\t\t<\/div>\n\t\t\t\t<div class=\"elementor-element elementor-element-5f15169 elementor-shape-circle e-grid-align-left elementor-grid-0 elementor-widget elementor-widget-social-icons\" data-id=\"5f15169\" data-element_type=\"widget\" data-e-type=\"widget\" data-settings=\"{&quot;ekit_we_effect_on&quot;:&quot;none&quot;}\" data-widget_type=\"social-icons.default\">\n\t\t\t\t\t\t\t<div class=\"elementor-social-icons-wrapper elementor-grid\" role=\"list\">\n\t\t\t\t\t\t\t<span class=\"elementor-grid-item\" role=\"listitem\">\n\t\t\t\t\t<a class=\"elementor-icon elementor-social-icon elementor-social-icon-instagram elementor-repeater-item-c3c5ac3\" href=\"https:\/\/www.instagram.com\/alanklifflatam\/\" target=\"_blank\" rel=\"noopener noreferrer nofollow\">\n\t\t\t\t\t\t<span class=\"elementor-screen-only\">Instagram<\/span>\n\t\t\t\t\t\t<svg aria-hidden=\"true\" class=\"e-font-icon-svg e-fab-instagram\" viewBox=\"0 0 448 512\" xmlns=\"http:\/\/www.w3.org\/2000\/svg\"><path d=\"M224.1 141c-63.6 0-114.9 51.3-114.9 114.9s51.3 114.9 114.9 114.9S339 319.5 339 255.9 287.7 141 224.1 141zm0 189.6c-41.1 0-74.7-33.5-74.7-74.7s33.5-74.7 74.7-74.7 74.7 33.5 74.7 74.7-33.6 74.7-74.7 74.7zm146.4-194.3c0 14.9-12 26.8-26.8 26.8-14.9 0-26.8-12-26.8-26.8s12-26.8 26.8-26.8 26.8 12 26.8 26.8zm76.1 27.2c-1.7-35.9-9.9-67.7-36.2-93.9-26.2-26.2-58-34.4-93.9-36.2-37-2.1-147.9-2.1-184.9 0-35.8 1.7-67.6 9.9-93.9 36.1s-34.4 58-36.2 93.9c-2.1 37-2.1 147.9 0 184.9 1.7 35.9 9.9 67.7 36.2 93.9s58 34.4 93.9 36.2c37 2.1 147.9 2.1 184.9 0 35.9-1.7 67.7-9.9 93.9-36.2 26.2-26.2 34.4-58 36.2-93.9 2.1-37 2.1-147.8 0-184.8zM398.8 388c-7.8 19.6-22.9 34.7-42.6 42.6-29.5 11.7-99.5 9-132.1 9s-102.7 2.6-132.1-9c-19.6-7.8-34.7-22.9-42.6-42.6-11.7-29.5-9-99.5-9-132.1s-2.6-102.7 9-132.1c7.8-19.6 22.9-34.7 42.6-42.6 29.5-11.7 99.5-9 132.1-9s102.7-2.6 132.1 9c19.6 7.8 34.7 22.9 42.6 42.6 11.7 29.5 9 99.5 9 132.1s2.7 102.7-9 132.1z\"><\/path><\/svg>\t\t\t\t\t<\/a>\n\t\t\t\t<\/span>\n\t\t\t\t\t\t\t<span class=\"elementor-grid-item\" role=\"listitem\">\n\t\t\t\t\t<a class=\"elementor-icon elementor-social-icon elementor-social-icon-facebook elementor-repeater-item-011eba8\" href=\"https:\/\/www.facebook.com\/AlanKliff\/\" target=\"_blank\" rel=\"noopener noreferrer nofollow\">\n\t\t\t\t\t\t<span class=\"elementor-screen-only\">Facebook<\/span>\n\t\t\t\t\t\t<svg aria-hidden=\"true\" class=\"e-font-icon-svg e-fab-facebook\" viewBox=\"0 0 512 512\" xmlns=\"http:\/\/www.w3.org\/2000\/svg\"><path d=\"M504 256C504 119 393 8 256 8S8 119 8 256c0 123.78 90.69 226.38 209.25 245V327.69h-63V256h63v-54.64c0-62.15 37-96.48 93.67-96.48 27.14 0 55.52 4.84 55.52 4.84v61h-31.28c-30.8 0-40.41 19.12-40.41 38.73V256h68.78l-11 71.69h-57.78V501C413.31 482.38 504 379.78 504 256z\"><\/path><\/svg>\t\t\t\t\t<\/a>\n\t\t\t\t<\/span>\n\t\t\t\t\t\t\t<span class=\"elementor-grid-item\" role=\"listitem\">\n\t\t\t\t\t<a class=\"elementor-icon elementor-social-icon elementor-social-icon-tiktok elementor-repeater-item-6800525\" href=\"https:\/\/www.tiktok.com\/@alan_kliff_latam\" target=\"_blank\" rel=\"noopener noreferrer nofollow\">\n\t\t\t\t\t\t<span class=\"elementor-screen-only\">Tiktok<\/span>\n\t\t\t\t\t\t<svg aria-hidden=\"true\" class=\"e-font-icon-svg e-fab-tiktok\" viewBox=\"0 0 448 512\" xmlns=\"http:\/\/www.w3.org\/2000\/svg\"><path d=\"M448,209.91a210.06,210.06,0,0,1-122.77-39.25V349.38A162.55,162.55,0,1,1,185,188.31V278.2a74.62,74.62,0,1,0,52.23,71.18V0l88,0a121.18,121.18,0,0,0,1.86,22.17h0A122.18,122.18,0,0,0,381,102.39a121.43,121.43,0,0,0,67,20.14Z\"><\/path><\/svg>\t\t\t\t\t<\/a>\n\t\t\t\t<\/span>\n\t\t\t\t\t<\/div>\n\t\t\t\t\t\t<\/div>\n\t\t\t\t<\/div>\n\t\t\t\t<\/div>\n\t\t<div class=\"elementor-element elementor-element-c38ed1e e-con-full animated-slow e-flex elementor-invisible e-con e-parent\" data-id=\"c38ed1e\" data-element_type=\"container\" data-e-type=\"container\" data-settings=\"{&quot;animation&quot;:&quot;fadeInUp&quot;}\">\n\t\t\t\t<div class=\"elementor-element elementor-element-fdd785d elementor-widget elementor-widget-heading\" data-id=\"fdd785d\" data-element_type=\"widget\" data-e-type=\"widget\" data-settings=\"{&quot;ekit_we_effect_on&quot;:&quot;none&quot;}\" data-widget_type=\"heading.default\">\n\t\t\t\t\t<h2 class=\"elementor-heading-title elementor-size-default\">Shampoo<\/h2>\t\t\t\t<\/div>\n\t\t\t\t<div class=\"elementor-element elementor-element-34d4703 elementor-skin-carousel elementor-arrows-yes elementor-pagination-type-bullets elementor-pagination-position-outside elementor-widget elementor-widget-media-carousel\" data-id=\"34d4703\" data-element_type=\"widget\" data-e-type=\"widget\" data-settings=\"{&quot;slides_per_view&quot;:&quot;3&quot;,&quot;skin&quot;:&quot;carousel&quot;,&quot;effect&quot;:&quot;slide&quot;,&quot;show_arrows&quot;:&quot;yes&quot;,&quot;pagination&quot;:&quot;bullets&quot;,&quot;speed&quot;:500,&quot;autoplay&quot;:&quot;yes&quot;,&quot;autoplay_speed&quot;:5000,&quot;pause_on_hover&quot;:&quot;yes&quot;,&quot;pause_on_interaction&quot;:&quot;yes&quot;,&quot;space_between&quot;:{&quot;unit&quot;:&quot;px&quot;,&quot;size&quot;:10,&quot;sizes&quot;:[]},&quot;space_between_tablet&quot;:{&quot;unit&quot;:&quot;px&quot;,&quot;size&quot;:10,&quot;sizes&quot;:[]},&quot;space_between_mobile&quot;:{&quot;unit&quot;:&quot;px&quot;,&quot;size&quot;:10,&quot;sizes&quot;:[]},&quot;ekit_we_effect_on&quot;:&quot;none&quot;}\" data-widget_type=\"media-carousel.default\">\n\t\t\t\t\t\t\t\t\t\t<div class=\"elementor-main-swiper swiper\" role=\"region\" aria-roledescription=\"carousel\" aria-label=\"Slides\">\n\t\t\t\t<div class=\"swiper-wrapper\">\n\t\t\t\t\t\t\t\t\t\t\t<div class=\"swiper-slide\" role=\"group\" aria-roledescription=\"slide\">\n\t\t\t\t\t\t\t<a href=\"https:\/\/epr4eqhkwx9.exactdn.com\/wp-content\/uploads\/2022\/07\/Alan-Kliff-1-litro.png?strip=all&w=2560\" data-elementor-open-lightbox=\"yes\" data-elementor-lightbox-slideshow=\"34d4703\" data-elementor-lightbox-title=\"Alan Kliff 1 litro\" data-e-action-hash=\"#elementor-action%3Aaction%3Dlightbox%26settings%3DeyJpZCI6NjQ4MiwidXJsIjoiaHR0cHM6XC9cL2luZHVzdHJpYWxhcG9wdWxhci5jb21cL3dwLWNvbnRlbnRcL3VwbG9hZHNcLzIwMjJcLzA3XC9BbGFuLUtsaWZmLTEtbGl0cm8ucG5nIiwic2xpZGVzaG93IjoiMzRkNDcwMyJ9\">\t\t<div class=\"elementor-carousel-image\" role=\"img\" aria-label=\"Botella blanca de champ\u00fa Alan Kliff con dosificador. El texto en la botella incluye &quot;Protecci\u00f3n T\u00e9rmica&quot; y &quot;Reparaci\u00f3n Nutritiva&quot;. Contiene 1000ml.\" style=\"background-image: url(&#039;https:\/\/epr4eqhkwx9.exactdn.com\/wp-content\/uploads\/2022\/07\/Alan-Kliff-1-litro.png?strip=all&#039;)\">\n\n\t\t\t\n\t\t\t\t\t<\/div>\n\t\t\t\t\t<div class=\"elementor-carousel-image-overlay e-overlay-animation-fade\">\n\t\t\t\tAlan Kliff 1 litro\t\t\t<\/div>\n\t\t\t<\/a>\t\t\t\t\t\t<\/div>\n\t\t\t\t\t\t\t\t\t\t\t<div class=\"swiper-slide\" role=\"group\" aria-roledescription=\"slide\">\n\t\t\t\t\t\t\t<a href=\"https:\/\/epr4eqhkwx9.exactdn.com\/wp-content\/uploads\/2020\/09\/Shampoo-AK-Reparacion.png?strip=all&w=2560\" data-elementor-open-lightbox=\"yes\" data-elementor-lightbox-slideshow=\"34d4703\" data-elementor-lightbox-title=\"Shampoo AK Reparacion\" data-e-action-hash=\"#elementor-action%3Aaction%3Dlightbox%26settings%3DeyJpZCI6NDkyMywidXJsIjoiaHR0cHM6XC9cL2luZHVzdHJpYWxhcG9wdWxhci5jb21cL3dwLWNvbnRlbnRcL3VwbG9hZHNcLzIwMjBcLzA5XC9TaGFtcG9vLUFLLVJlcGFyYWNpb24ucG5nIiwic2xpZGVzaG93IjoiMzRkNDcwMyJ9\">\t\t<div class=\"elementor-carousel-image\" role=\"img\" aria-label=\"Botella de champ\u00fa Reparaci\u00f3n Nutritiva de Alan Kliff, 400 ml, con queratina, f\u00f3rmula sin parabenos y sin sal, para protecci\u00f3n t\u00e9rmica y nutrici\u00f3n profunda.\" style=\"background-image: url(&#039;https:\/\/epr4eqhkwx9.exactdn.com\/wp-content\/uploads\/2020\/09\/Shampoo-AK-Reparacion.png?strip=all&#039;)\">\n\n\t\t\t\n\t\t\t\t\t<\/div>\n\t\t\t\t\t<div class=\"elementor-carousel-image-overlay e-overlay-animation-fade\">\n\t\t\t\tShampoo AK Reparacion\t\t\t<\/div>\n\t\t\t<\/a>\t\t\t\t\t\t<\/div>\n\t\t\t\t\t\t\t\t\t\t\t<div class=\"swiper-slide\" role=\"group\" aria-roledescription=\"slide\">\n\t\t\t\t\t\t\t<a href=\"https:\/\/epr4eqhkwx9.exactdn.com\/wp-content\/uploads\/2020\/09\/Shampoo-AK-Oleos.png?strip=all&w=2560\" data-elementor-open-lightbox=\"yes\" data-elementor-lightbox-slideshow=\"34d4703\" data-elementor-lightbox-title=\"Shampoo AK Oleos\" data-e-action-hash=\"#elementor-action%3Aaction%3Dlightbox%26settings%3DeyJpZCI6NDkyNCwidXJsIjoiaHR0cHM6XC9cL2luZHVzdHJpYWxhcG9wdWxhci5jb21cL3dwLWNvbnRlbnRcL3VwbG9hZHNcLzIwMjBcLzA5XC9TaGFtcG9vLUFLLU9sZW9zLnBuZyIsInNsaWRlc2hvdyI6IjM0ZDQ3MDMifQ%3D%3D\">\t\t<div class=\"elementor-carousel-image\" role=\"img\" aria-label=\"Una botella de champ\u00fa Alan Kliff Nutritional Oils, de 400 ml, etiquetado para protecci\u00f3n t\u00e9rmica y poder regenerativo, que contiene aceites de nuez, macadamia, jojoba y arg\u00e1n.\" style=\"background-image: url(&#039;https:\/\/epr4eqhkwx9.exactdn.com\/wp-content\/uploads\/2020\/09\/Shampoo-AK-Oleos.png?strip=all&#039;)\">\n\n\t\t\t\n\t\t\t\t\t<\/div>\n\t\t\t\t\t<div class=\"elementor-carousel-image-overlay e-overlay-animation-fade\">\n\t\t\t\tShampoo AK Oleos\t\t\t<\/div>\n\t\t\t<\/a>\t\t\t\t\t\t<\/div>\n\t\t\t\t\t\t\t\t\t\t\t<div class=\"swiper-slide\" role=\"group\" aria-roledescription=\"slide\">\n\t\t\t\t\t\t\t<a href=\"https:\/\/epr4eqhkwx9.exactdn.com\/wp-content\/uploads\/2020\/09\/Shampoo-AK-Control-Caida.png?strip=all&w=2560\" data-elementor-open-lightbox=\"yes\" data-elementor-lightbox-slideshow=\"34d4703\" data-e-action-hash=\"#elementor-action%3Aaction%3Dlightbox%26settings%3DeyJpZCI6NDkyNSwidXJsIjpmYWxzZSwic2xpZGVzaG93IjoiMzRkNDcwMyJ9\">\t\t<div class=\"elementor-carousel-image\" role=\"img\" aria-label=\"\" style=\"background-image: url(&#039;https:\/\/epr4eqhkwx9.exactdn.com\/wp-content\/uploads\/2020\/09\/Shampoo-AK-Control-Caida.png?strip=all&w=1200&#039;)\">\n\n\t\t\t\n\t\t\t\t\t<\/div>\n\t\t\t\t\t<div class=\"elementor-carousel-image-overlay e-overlay-animation-fade\">\n\t\t\t\t\t\t\t<\/div>\n\t\t\t<\/a>\t\t\t\t\t\t<\/div>\n\t\t\t\t\t\t\t\t\t<\/div>\n\t\t\t\t\t\t\t\t\t\t\t\t\t\t\t<div class=\"elementor-swiper-button elementor-swiper-button-prev\" role=\"button\" tabindex=\"0\" aria-label=\"Previous\">\n\t\t\t\t\t\t\t<svg aria-hidden=\"true\" class=\"e-font-icon-svg e-eicon-chevron-left\" viewBox=\"0 0 1000 1000\" xmlns=\"http:\/\/www.w3.org\/2000\/svg\"><path d=\"M646 125C629 125 613 133 604 142L308 442C296 454 292 471 292 487 292 504 296 521 308 533L604 854C617 867 629 875 646 875 663 875 679 871 692 858 704 846 713 829 713 812 713 796 708 779 692 767L438 487 692 225C700 217 708 204 708 187 708 171 704 154 692 142 675 129 663 125 646 125Z\"><\/path><\/svg>\t\t\t\t\t\t<\/div>\n\t\t\t\t\t\t<div class=\"elementor-swiper-button elementor-swiper-button-next\" role=\"button\" tabindex=\"0\" aria-label=\"Next\">\n\t\t\t\t\t\t\t<svg aria-hidden=\"true\" class=\"e-font-icon-svg e-eicon-chevron-right\" viewBox=\"0 0 1000 1000\" xmlns=\"http:\/\/www.w3.org\/2000\/svg\"><path d=\"M696 533C708 521 713 504 713 487 713 471 708 454 696 446L400 146C388 133 375 125 354 125 338 125 325 129 313 142 300 154 292 171 292 187 292 204 296 221 308 233L563 492 304 771C292 783 288 800 288 817 288 833 296 850 308 863 321 871 338 875 354 875 371 875 388 867 400 854L696 533Z\"><\/path><\/svg>\t\t\t\t\t\t<\/div>\n\t\t\t\t\t\t\t\t\t\t\t\t\t\t\t\t<div class=\"swiper-pagination\"><\/div>\n\t\t\t\t\t\t\t\t\t\t\t\t<\/div>\n\t\t\t\t\t\t\t\t<\/div>\n\t\t\t\t<div class=\"elementor-element elementor-element-df08de3 elementor-widget elementor-widget-heading\" data-id=\"df08de3\" data-element_type=\"widget\" data-e-type=\"widget\" data-settings=\"{&quot;ekit_we_effect_on&quot;:&quot;none&quot;}\" data-widget_type=\"heading.default\">\n\t\t\t\t\t<h2 class=\"elementor-heading-title elementor-size-default\">Conditioner<\/h2>\t\t\t\t<\/div>\n\t\t\t\t<div class=\"elementor-element elementor-element-5010bc0 elementor-skin-carousel elementor-arrows-yes elementor-pagination-type-bullets elementor-pagination-position-outside elementor-widget elementor-widget-media-carousel\" data-id=\"5010bc0\" data-element_type=\"widget\" data-e-type=\"widget\" data-settings=\"{&quot;slides_per_view&quot;:&quot;3&quot;,&quot;skin&quot;:&quot;carousel&quot;,&quot;effect&quot;:&quot;slide&quot;,&quot;show_arrows&quot;:&quot;yes&quot;,&quot;pagination&quot;:&quot;bullets&quot;,&quot;speed&quot;:500,&quot;autoplay&quot;:&quot;yes&quot;,&quot;autoplay_speed&quot;:5000,&quot;pause_on_hover&quot;:&quot;yes&quot;,&quot;pause_on_interaction&quot;:&quot;yes&quot;,&quot;space_between&quot;:{&quot;unit&quot;:&quot;px&quot;,&quot;size&quot;:10,&quot;sizes&quot;:[]},&quot;space_between_tablet&quot;:{&quot;unit&quot;:&quot;px&quot;,&quot;size&quot;:10,&quot;sizes&quot;:[]},&quot;space_between_mobile&quot;:{&quot;unit&quot;:&quot;px&quot;,&quot;size&quot;:10,&quot;sizes&quot;:[]},&quot;ekit_we_effect_on&quot;:&quot;none&quot;}\" data-widget_type=\"media-carousel.default\">\n\t\t\t\t\t\t\t\t\t\t<div class=\"elementor-main-swiper swiper\" role=\"region\" aria-roledescription=\"carousel\" aria-label=\"Slides\">\n\t\t\t\t<div class=\"swiper-wrapper\">\n\t\t\t\t\t\t\t\t\t\t\t<div class=\"swiper-slide\" role=\"group\" aria-roledescription=\"slide\">\n\t\t\t\t\t\t\t<a href=\"https:\/\/epr4eqhkwx9.exactdn.com\/wp-content\/uploads\/2021\/11\/acondicionador-AK-Reparacion.png?strip=all&w=2560\" data-elementor-open-lightbox=\"yes\" data-elementor-lightbox-slideshow=\"5010bc0\" data-elementor-lightbox-title=\"acondicionador AK Reparacion nutritiva\" data-e-action-hash=\"#elementor-action%3Aaction%3Dlightbox%26settings%3DeyJpZCI6NTU3MCwidXJsIjoiaHR0cHM6XC9cL2luZHVzdHJpYWxhcG9wdWxhci5jb21cL3dwLWNvbnRlbnRcL3VwbG9hZHNcLzIwMjFcLzExXC9hY29uZGljaW9uYWRvci1BSy1SZXBhcmFjaW9uLnBuZyIsInNsaWRlc2hvdyI6IjUwMTBiYzAifQ%3D%3D\">\t\t<div class=\"elementor-carousel-image\" role=\"img\" aria-label=\"acondicionador AK Reparacion\" style=\"background-image: url(&#039;https:\/\/epr4eqhkwx9.exactdn.com\/wp-content\/uploads\/2021\/11\/acondicionador-AK-Reparacion.png?strip=all&#039;)\">\n\n\t\t\t\n\t\t\t\t\t<\/div>\n\t\t\t\t\t<div class=\"elementor-carousel-image-overlay e-overlay-animation-fade\">\n\t\t\t\tacondicionador AK Reparacion nutritiva\t\t\t<\/div>\n\t\t\t<\/a>\t\t\t\t\t\t<\/div>\n\t\t\t\t\t\t\t\t\t\t\t<div class=\"swiper-slide\" role=\"group\" aria-roledescription=\"slide\">\n\t\t\t\t\t\t\t<a href=\"https:\/\/epr4eqhkwx9.exactdn.com\/wp-content\/uploads\/2020\/09\/acondicionadr-AK-Oleos.png?strip=all&w=2560\" data-elementor-open-lightbox=\"yes\" data-elementor-lightbox-slideshow=\"5010bc0\" data-elementor-lightbox-title=\"acondicionador AK Oleos\" data-e-action-hash=\"#elementor-action%3Aaction%3Dlightbox%26settings%3DeyJpZCI6NDkyNiwidXJsIjoiaHR0cHM6XC9cL2luZHVzdHJpYWxhcG9wdWxhci5jb21cL3dwLWNvbnRlbnRcL3VwbG9hZHNcLzIwMjBcLzA5XC9hY29uZGljaW9uYWRyLUFLLU9sZW9zLnBuZyIsInNsaWRlc2hvdyI6IjUwMTBiYzAifQ%3D%3D\">\t\t<div class=\"elementor-carousel-image\" role=\"img\" aria-label=\"Acondicionador capilar AK Alan Kliff con protecci\u00f3n t\u00e9rmica y poder regenerador con aceites de nuez, macadamia, jojoba y arg\u00e1n. Envase de 400 ml. Sin sulfatos ni sales.\" style=\"background-image: url(&#039;https:\/\/epr4eqhkwx9.exactdn.com\/wp-content\/uploads\/2020\/09\/acondicionadr-AK-Oleos.png?strip=all&#039;)\">\n\n\t\t\t\n\t\t\t\t\t<\/div>\n\t\t\t\t\t<div class=\"elementor-carousel-image-overlay e-overlay-animation-fade\">\n\t\t\t\tacondicionador AK Oleos\t\t\t<\/div>\n\t\t\t<\/a>\t\t\t\t\t\t<\/div>\n\t\t\t\t\t\t\t\t\t\t\t<div class=\"swiper-slide\" role=\"group\" aria-roledescription=\"slide\">\n\t\t\t\t\t\t\t<a href=\"https:\/\/epr4eqhkwx9.exactdn.com\/wp-content\/uploads\/2020\/09\/acondicionadr-AK-Control-Caida-1.png?strip=all&w=2560\" data-elementor-open-lightbox=\"yes\" data-elementor-lightbox-slideshow=\"5010bc0\" data-elementor-lightbox-title=\"acondicionador AK Control Caida\" data-e-action-hash=\"#elementor-action%3Aaction%3Dlightbox%26settings%3DeyJpZCI6NDkyNywidXJsIjoiaHR0cHM6XC9cL2luZHVzdHJpYWxhcG9wdWxhci5jb21cL3dwLWNvbnRlbnRcL3VwbG9hZHNcLzIwMjBcLzA5XC9hY29uZGljaW9uYWRyLUFLLUNvbnRyb2wtQ2FpZGEtMS5wbmciLCJzbGlkZXNob3ciOiI1MDEwYmMwIn0%3D\">\t\t<div class=\"elementor-carousel-image\" role=\"img\" aria-label=\"Botella de acondicionador Alan Kliff etiquetado para protecci\u00f3n t\u00e9rmica y anti-rotura, con germen de trigo, ginseng, tomate, jojoba y extracto de miel. 400 ml \/ 13,53 fl oz.\" style=\"background-image: url(&#039;https:\/\/epr4eqhkwx9.exactdn.com\/wp-content\/uploads\/2020\/09\/acondicionadr-AK-Control-Caida-1.png?strip=all&#039;)\">\n\n\t\t\t\n\t\t\t\t\t<\/div>\n\t\t\t\t\t<div class=\"elementor-carousel-image-overlay e-overlay-animation-fade\">\n\t\t\t\tacondicionador AK Control Caida\t\t\t<\/div>\n\t\t\t<\/a>\t\t\t\t\t\t<\/div>\n\t\t\t\t\t\t\t\t\t<\/div>\n\t\t\t\t\t\t\t\t\t\t\t\t\t\t\t<div class=\"elementor-swiper-button elementor-swiper-button-prev\" role=\"button\" tabindex=\"0\" aria-label=\"Previous\">\n\t\t\t\t\t\t\t<svg aria-hidden=\"true\" class=\"e-font-icon-svg e-eicon-chevron-left\" viewBox=\"0 0 1000 1000\" xmlns=\"http:\/\/www.w3.org\/2000\/svg\"><path d=\"M646 125C629 125 613 133 604 142L308 442C296 454 292 471 292 487 292 504 296 521 308 533L604 854C617 867 629 875 646 875 663 875 679 871 692 858 704 846 713 829 713 812 713 796 708 779 692 767L438 487 692 225C700 217 708 204 708 187 708 171 704 154 692 142 675 129 663 125 646 125Z\"><\/path><\/svg>\t\t\t\t\t\t<\/div>\n\t\t\t\t\t\t<div class=\"elementor-swiper-button elementor-swiper-button-next\" role=\"button\" tabindex=\"0\" aria-label=\"Next\">\n\t\t\t\t\t\t\t<svg aria-hidden=\"true\" class=\"e-font-icon-svg e-eicon-chevron-right\" viewBox=\"0 0 1000 1000\" xmlns=\"http:\/\/www.w3.org\/2000\/svg\"><path d=\"M696 533C708 521 713 504 713 487 713 471 708 454 696 446L400 146C388 133 375 125 354 125 338 125 325 129 313 142 300 154 292 171 292 187 292 204 296 221 308 233L563 492 304 771C292 783 288 800 288 817 288 833 296 850 308 863 321 871 338 875 354 875 371 875 388 867 400 854L696 533Z\"><\/path><\/svg>\t\t\t\t\t\t<\/div>\n\t\t\t\t\t\t\t\t\t\t\t\t\t\t\t\t<div class=\"swiper-pagination\"><\/div>\n\t\t\t\t\t\t\t\t\t\t\t\t<\/div>\n\t\t\t\t\t\t\t\t<\/div>\n\t\t\t\t<\/div>\n\t\t\t\t<\/div>\n\t\t","protected":false},"excerpt":{"rendered":"<p>Back Alan Kliff Give new life to your hair with our salt-free, paraben-free and thermal protection shampoo and conditioner varieties. Its premium formulas contain ingredients such as Keratin, jojoba, argan and macadamia among others. Alan Kliff will help you nourish and repair your hair to make it look like never before. Follow us at Instagram&hellip;&nbsp;<\/p>\n","protected":false},"author":6,"featured_media":0,"parent":11184,"menu_order":31,"comment_status":"closed","ping_status":"closed","template":"","meta":{"neve_meta_sidebar":"","neve_meta_container":"","neve_meta_enable_content_width":"","neve_meta_content_width":0,"neve_meta_title_alignment":"","neve_meta_author_avatar":"","neve_post_elements_order":"","neve_meta_disable_header":"","neve_meta_disable_footer":"","neve_meta_disable_title":"on","neve_meta_reading_time":"","_joinchat":[],"footnotes":""},"class_list":["post-11340","page","type-page","status-publish","hentry"],"_links":{"self":[{"href":"https:\/\/industrialapopular.com\/en\/wp-json\/wp\/v2\/pages\/11340","targetHints":{"allow":["GET"]}}],"collection":[{"href":"https:\/\/industrialapopular.com\/en\/wp-json\/wp\/v2\/pages"}],"about":[{"href":"https:\/\/industrialapopular.com\/en\/wp-json\/wp\/v2\/types\/page"}],"author":[{"embeddable":true,"href":"https:\/\/industrialapopular.com\/en\/wp-json\/wp\/v2\/users\/6"}],"replies":[{"embeddable":true,"href":"https:\/\/industrialapopular.com\/en\/wp-json\/wp\/v2\/comments?post=11340"}],"version-history":[{"count":4,"href":"https:\/\/industrialapopular.com\/en\/wp-json\/wp\/v2\/pages\/11340\/revisions"}],"predecessor-version":[{"id":11935,"href":"https:\/\/industrialapopular.com\/en\/wp-json\/wp\/v2\/pages\/11340\/revisions\/11935"}],"up":[{"embeddable":true,"href":"https:\/\/industrialapopular.com\/en\/wp-json\/wp\/v2\/pages\/11184"}],"wp:attachment":[{"href":"https:\/\/industrialapopular.com\/en\/wp-json\/wp\/v2\/media?parent=11340"}],"curies":[{"name":"wp","href":"https:\/\/api.w.org\/{rel}","templated":true}]}}