{"id":11224,"date":"2019-04-18T04:40:16","date_gmt":"2019-04-18T10:40:16","guid":{"rendered":"https:\/\/industrialapopular.com\/brands\/personal-care\/swan\/"},"modified":"2025-03-12T15:31:38","modified_gmt":"2025-03-12T21:31:38","slug":"cisne","status":"publish","type":"page","link":"https:\/\/industrialapopular.com\/en\/brands\/personal-care\/cisne\/","title":{"rendered":"CISNE"},"content":{"rendered":"\t\t<div data-elementor-type=\"wp-post\" data-elementor-id=\"11224\" class=\"elementor elementor-11224 elementor-978\" data-elementor-post-type=\"page\">\n\t\t\t\t<div class=\"elementor-element elementor-element-5f6071d e-con-full e-flex e-con e-parent\" data-id=\"5f6071d\" data-element_type=\"container\" data-e-type=\"container\">\n\t\t\t\t<div class=\"elementor-element elementor-element-b70d48e elementor-align-left elementor-widget elementor-widget-button\" data-id=\"b70d48e\" data-element_type=\"widget\" data-e-type=\"widget\" data-settings=\"{&quot;ekit_we_effect_on&quot;:&quot;none&quot;}\" data-widget_type=\"button.default\">\n\t\t\t\t\t\t\t\t\t\t<a class=\"elementor-button elementor-button-link elementor-size-xs elementor-animation-shrink\" href=\"https:\/\/industrialapopular.com\/en\/brands\/personal-care\/\">\n\t\t\t\t\t\t<span class=\"elementor-button-content-wrapper\">\n\t\t\t\t\t\t<span class=\"elementor-button-icon\">\n\t\t\t\t<svg aria-hidden=\"true\" class=\"e-font-icon-svg e-fas-long-arrow-alt-left\" viewBox=\"0 0 448 512\" xmlns=\"http:\/\/www.w3.org\/2000\/svg\"><path d=\"M134.059 296H436c6.627 0 12-5.373 12-12v-56c0-6.627-5.373-12-12-12H134.059v-46.059c0-21.382-25.851-32.09-40.971-16.971L7.029 239.029c-9.373 9.373-9.373 24.569 0 33.941l86.059 86.059c15.119 15.119 40.971 4.411 40.971-16.971V296z\"><\/path><\/svg>\t\t\t<\/span>\n\t\t\t\t\t\t\t\t\t<span class=\"elementor-button-text\">Back<\/span>\n\t\t\t\t\t<\/span>\n\t\t\t\t\t<\/a>\n\t\t\t\t\t\t\t\t<\/div>\n\t\t\t\t<\/div>\n\t\t<div class=\"elementor-element elementor-element-aa332fc e-con-full e-flex e-con e-parent\" data-id=\"aa332fc\" data-element_type=\"container\" data-e-type=\"container\">\n\t\t<div class=\"elementor-element elementor-element-3990a58 animated-slow e-con-full e-flex elementor-invisible e-con e-child\" data-id=\"3990a58\" data-element_type=\"container\" data-e-type=\"container\" data-settings=\"{&quot;animation&quot;:&quot;fadeInLeft&quot;}\">\n\t\t\t\t<div class=\"elementor-element elementor-element-078f952 elementor-widget elementor-widget-image\" data-id=\"078f952\" data-element_type=\"widget\" data-e-type=\"widget\" data-settings=\"{&quot;ekit_we_effect_on&quot;:&quot;none&quot;}\" data-widget_type=\"image.default\">\n\t\t\t\t\t\t\t\t\t\t\t\t\t\t\t<img fetchpriority=\"high\" decoding=\"async\" width=\"600\" height=\"600\" src=\"https:\/\/epr4eqhkwx9.exactdn.com\/wp-content\/uploads\/2019\/04\/cisne.jpg?strip=all\" class=\"attachment-large size-large wp-image-10128\" alt=\"cisne\" srcset=\"https:\/\/epr4eqhkwx9.exactdn.com\/wp-content\/uploads\/2019\/04\/cisne.jpg?strip=all 600w, https:\/\/epr4eqhkwx9.exactdn.com\/wp-content\/uploads\/2019\/04\/cisne-150x150.jpg?strip=all 150w, https:\/\/epr4eqhkwx9.exactdn.com\/wp-content\/uploads\/2019\/04\/cisne-300x300.jpg?strip=all 300w, https:\/\/epr4eqhkwx9.exactdn.com\/wp-content\/uploads\/2019\/04\/cisne.jpg?strip=all&amp;w=240 240w, https:\/\/epr4eqhkwx9.exactdn.com\/wp-content\/uploads\/2019\/04\/cisne.jpg?strip=all&amp;w=360 360w, https:\/\/epr4eqhkwx9.exactdn.com\/wp-content\/uploads\/2019\/04\/cisne.jpg?strip=all&amp;w=480 480w\" sizes=\"(max-width: 600px) 100vw, 600px\" \/>\t\t\t\t\t\t\t\t\t\t\t\t\t\t\t<\/div>\n\t\t\t\t<\/div>\n\t\t<div class=\"elementor-element elementor-element-c6a01bf animated-slow e-con-full e-flex elementor-invisible e-con e-child\" data-id=\"c6a01bf\" data-element_type=\"container\" data-e-type=\"container\" data-settings=\"{&quot;animation&quot;:&quot;fadeInRight&quot;}\">\n\t\t\t\t<div class=\"elementor-element elementor-element-de2c903 elementor-widget elementor-widget-heading\" data-id=\"de2c903\" data-element_type=\"widget\" data-e-type=\"widget\" data-settings=\"{&quot;ekit_we_effect_on&quot;:&quot;none&quot;}\" data-widget_type=\"heading.default\">\n\t\t\t\t\t<h1 class=\"elementor-heading-title elementor-size-default\">Cisne Beauty Soap<\/h1>\t\t\t\t<\/div>\n\t\t\t\t<div class=\"elementor-element elementor-element-1fe5300 elementor-widget-divider--view-line elementor-widget elementor-widget-divider\" data-id=\"1fe5300\" data-element_type=\"widget\" data-e-type=\"widget\" data-settings=\"{&quot;ekit_we_effect_on&quot;:&quot;none&quot;}\" data-widget_type=\"divider.default\">\n\t\t\t\t\t\t\t<div class=\"elementor-divider\">\n\t\t\t<span class=\"elementor-divider-separator\">\n\t\t\t\t\t\t<\/span>\n\t\t<\/div>\n\t\t\t\t\t\t<\/div>\n\t\t\t\t<div class=\"elementor-element elementor-element-29da5bd elementor-widget elementor-widget-text-editor\" data-id=\"29da5bd\" data-element_type=\"widget\" data-e-type=\"widget\" data-settings=\"{&quot;ekit_we_effect_on&quot;:&quot;none&quot;}\" data-widget_type=\"text-editor.default\">\n\t\t\t\t\t\t\t\t\t<p>For a perfect gift, with their delicate floral notes they are ideal if you are looking for something special. Each box contains 3 soaps in versions for men and women. <\/p>\n\t\t\t\t\t\t\t\t<\/div>\n\t\t\t\t<\/div>\n\t\t\t\t<\/div>\n\t\t<div class=\"elementor-element elementor-element-d03165c e-con-full animated-slow e-flex elementor-invisible e-con e-parent\" data-id=\"d03165c\" data-element_type=\"container\" data-e-type=\"container\" data-settings=\"{&quot;animation&quot;:&quot;fadeInUp&quot;}\">\n\t\t<div class=\"elementor-element elementor-element-7b42570 e-con-full e-flex e-con e-child\" data-id=\"7b42570\" data-element_type=\"container\" data-e-type=\"container\">\n\t\t\t\t<div class=\"elementor-element elementor-element-fb529a8 elementor-widget elementor-widget-heading\" data-id=\"fb529a8\" data-element_type=\"widget\" data-e-type=\"widget\" data-settings=\"{&quot;ekit_we_effect_on&quot;:&quot;none&quot;}\" data-widget_type=\"heading.default\">\n\t\t\t\t\t<h3 class=\"elementor-heading-title elementor-size-default\">Cisne Toilet Soap<\/h3>\t\t\t\t<\/div>\n\t\t\t\t<div class=\"elementor-element elementor-element-bb93a90 elementor-skin-carousel elementor-arrows-yes elementor-pagination-type-bullets elementor-pagination-position-outside elementor-widget elementor-widget-media-carousel\" data-id=\"bb93a90\" data-element_type=\"widget\" data-e-type=\"widget\" data-settings=\"{&quot;slides_per_view&quot;:&quot;4&quot;,&quot;skin&quot;:&quot;carousel&quot;,&quot;effect&quot;:&quot;slide&quot;,&quot;show_arrows&quot;:&quot;yes&quot;,&quot;pagination&quot;:&quot;bullets&quot;,&quot;speed&quot;:500,&quot;autoplay&quot;:&quot;yes&quot;,&quot;autoplay_speed&quot;:5000,&quot;pause_on_hover&quot;:&quot;yes&quot;,&quot;pause_on_interaction&quot;:&quot;yes&quot;,&quot;space_between&quot;:{&quot;unit&quot;:&quot;px&quot;,&quot;size&quot;:10,&quot;sizes&quot;:[]},&quot;space_between_tablet&quot;:{&quot;unit&quot;:&quot;px&quot;,&quot;size&quot;:10,&quot;sizes&quot;:[]},&quot;space_between_mobile&quot;:{&quot;unit&quot;:&quot;px&quot;,&quot;size&quot;:10,&quot;sizes&quot;:[]},&quot;ekit_we_effect_on&quot;:&quot;none&quot;}\" data-widget_type=\"media-carousel.default\">\n\t\t\t\t\t\t\t\t\t\t<div class=\"elementor-main-swiper swiper\" role=\"region\" aria-roledescription=\"carousel\" aria-label=\"Slides\">\n\t\t\t\t<div class=\"swiper-wrapper\">\n\t\t\t\t\t\t\t\t\t\t\t<div class=\"swiper-slide\" role=\"group\" aria-roledescription=\"slide\">\n\t\t\t\t\t\t\t<a href=\"https:\/\/epr4eqhkwx9.exactdn.com\/wp-content\/uploads\/2019\/05\/cisne_dama.jpg?strip=all&w=2560\" data-elementor-open-lightbox=\"yes\" data-elementor-lightbox-slideshow=\"bb93a90\" data-elementor-lightbox-title=\"Cisne Dama\" data-e-action-hash=\"#elementor-action%3Aaction%3Dlightbox%26settings%3DeyJpZCI6MTU0MiwidXJsIjoiaHR0cHM6XC9cL2luZHVzdHJpYWxhcG9wdWxhci5jb21cL3dwLWNvbnRlbnRcL3VwbG9hZHNcLzIwMTlcLzA1XC9jaXNuZV9kYW1hLmpwZyIsInNsaWRlc2hvdyI6ImJiOTNhOTAifQ%3D%3D\">\t\t<div class=\"elementor-carousel-image\" role=\"img\" aria-label=\"Una caja rosa que contiene tres barras de jab\u00f3n ovaladas blancas, cada una con un dise\u00f1o de cisne en relieve. El empaque presenta im\u00e1genes de un cisne y el texto &quot;Jab\u00f3n de belleza Cisne&quot;.\" style=\"background-image: url(&#039;https:\/\/epr4eqhkwx9.exactdn.com\/wp-content\/uploads\/2019\/05\/cisne_dama.jpg?strip=all&#039;)\">\n\n\t\t\t\n\t\t\t\t\t<\/div>\n\t\t\t\t\t<div class=\"elementor-carousel-image-overlay e-overlay-animation-fade\">\n\t\t\t\tCisne Dama\t\t\t<\/div>\n\t\t\t<\/a>\t\t\t\t\t\t<\/div>\n\t\t\t\t\t\t\t\t\t\t\t<div class=\"swiper-slide\" role=\"group\" aria-roledescription=\"slide\">\n\t\t\t\t\t\t\t<a href=\"https:\/\/epr4eqhkwx9.exactdn.com\/wp-content\/uploads\/2019\/05\/cisne_caballero.jpg?strip=all&w=2560\" data-elementor-open-lightbox=\"yes\" data-elementor-lightbox-slideshow=\"bb93a90\" data-elementor-lightbox-title=\"Cisne Caballero\" data-e-action-hash=\"#elementor-action%3Aaction%3Dlightbox%26settings%3DeyJpZCI6MTU0MSwidXJsIjoiaHR0cHM6XC9cL2luZHVzdHJpYWxhcG9wdWxhci5jb21cL3dwLWNvbnRlbnRcL3VwbG9hZHNcLzIwMTlcLzA1XC9jaXNuZV9jYWJhbGxlcm8uanBnIiwic2xpZGVzaG93IjoiYmI5M2E5MCJ9\">\t\t<div class=\"elementor-carousel-image\" role=\"img\" aria-label=\"Caja azul de jab\u00f3n de belleza Cisne que incluye tres barras con dise\u00f1os de cisnes y una imagen de cisne en el empaque.\" style=\"background-image: url(&#039;https:\/\/epr4eqhkwx9.exactdn.com\/wp-content\/uploads\/2019\/05\/cisne_caballero.jpg?strip=all&#039;)\">\n\n\t\t\t\n\t\t\t\t\t<\/div>\n\t\t\t\t\t<div class=\"elementor-carousel-image-overlay e-overlay-animation-fade\">\n\t\t\t\tCisne Caballero\t\t\t<\/div>\n\t\t\t<\/a>\t\t\t\t\t\t<\/div>\n\t\t\t\t\t\t\t\t\t<\/div>\n\t\t\t\t\t\t\t\t\t\t\t\t\t\t\t<div class=\"elementor-swiper-button elementor-swiper-button-prev\" role=\"button\" tabindex=\"0\" aria-label=\"Previous\">\n\t\t\t\t\t\t\t<svg aria-hidden=\"true\" class=\"e-font-icon-svg e-eicon-chevron-left\" viewBox=\"0 0 1000 1000\" xmlns=\"http:\/\/www.w3.org\/2000\/svg\"><path d=\"M646 125C629 125 613 133 604 142L308 442C296 454 292 471 292 487 292 504 296 521 308 533L604 854C617 867 629 875 646 875 663 875 679 871 692 858 704 846 713 829 713 812 713 796 708 779 692 767L438 487 692 225C700 217 708 204 708 187 708 171 704 154 692 142 675 129 663 125 646 125Z\"><\/path><\/svg>\t\t\t\t\t\t<\/div>\n\t\t\t\t\t\t<div class=\"elementor-swiper-button elementor-swiper-button-next\" role=\"button\" tabindex=\"0\" aria-label=\"Next\">\n\t\t\t\t\t\t\t<svg aria-hidden=\"true\" class=\"e-font-icon-svg e-eicon-chevron-right\" viewBox=\"0 0 1000 1000\" xmlns=\"http:\/\/www.w3.org\/2000\/svg\"><path d=\"M696 533C708 521 713 504 713 487 713 471 708 454 696 446L400 146C388 133 375 125 354 125 338 125 325 129 313 142 300 154 292 171 292 187 292 204 296 221 308 233L563 492 304 771C292 783 288 800 288 817 288 833 296 850 308 863 321 871 338 875 354 875 371 875 388 867 400 854L696 533Z\"><\/path><\/svg>\t\t\t\t\t\t<\/div>\n\t\t\t\t\t\t\t\t\t\t\t\t\t\t\t\t<div class=\"swiper-pagination\"><\/div>\n\t\t\t\t\t\t\t\t\t\t\t\t<\/div>\n\t\t\t\t\t\t\t\t<\/div>\n\t\t\t\t<\/div>\n\t\t\t\t<\/div>\n\t\t\t\t<\/div>\n\t\t","protected":false},"excerpt":{"rendered":"<p>Back Cisne Beauty Soap For a perfect gift, with their delicate floral notes they are ideal if you are looking for something special. Each box contains 3 soaps in versions for men and women. Cisne Toilet Soap Cisne Dama Cisne Caballero<\/p>\n","protected":false},"author":6,"featured_media":0,"parent":11184,"menu_order":0,"comment_status":"closed","ping_status":"closed","template":"","meta":{"neve_meta_sidebar":"","neve_meta_container":"","neve_meta_enable_content_width":"","neve_meta_content_width":0,"neve_meta_title_alignment":"","neve_meta_author_avatar":"","neve_post_elements_order":"","neve_meta_disable_header":"","neve_meta_disable_footer":"","neve_meta_disable_title":"on","neve_meta_reading_time":"","_joinchat":[],"footnotes":""},"class_list":["post-11224","page","type-page","status-publish","hentry"],"_links":{"self":[{"href":"https:\/\/industrialapopular.com\/en\/wp-json\/wp\/v2\/pages\/11224","targetHints":{"allow":["GET"]}}],"collection":[{"href":"https:\/\/industrialapopular.com\/en\/wp-json\/wp\/v2\/pages"}],"about":[{"href":"https:\/\/industrialapopular.com\/en\/wp-json\/wp\/v2\/types\/page"}],"author":[{"embeddable":true,"href":"https:\/\/industrialapopular.com\/en\/wp-json\/wp\/v2\/users\/6"}],"replies":[{"embeddable":true,"href":"https:\/\/industrialapopular.com\/en\/wp-json\/wp\/v2\/comments?post=11224"}],"version-history":[{"count":9,"href":"https:\/\/industrialapopular.com\/en\/wp-json\/wp\/v2\/pages\/11224\/revisions"}],"predecessor-version":[{"id":11949,"href":"https:\/\/industrialapopular.com\/en\/wp-json\/wp\/v2\/pages\/11224\/revisions\/11949"}],"up":[{"embeddable":true,"href":"https:\/\/industrialapopular.com\/en\/wp-json\/wp\/v2\/pages\/11184"}],"wp:attachment":[{"href":"https:\/\/industrialapopular.com\/en\/wp-json\/wp\/v2\/media?parent=11224"}],"curies":[{"name":"wp","href":"https:\/\/api.w.org\/{rel}","templated":true}]}}