{"id":11150,"date":"2019-04-18T04:30:07","date_gmt":"2019-04-18T10:30:07","guid":{"rendered":"https:\/\/industrialapopular.com\/brands\/acticlor\/"},"modified":"2025-03-12T15:32:17","modified_gmt":"2025-03-12T21:32:17","slug":"acticlor","status":"publish","type":"page","link":"https:\/\/industrialapopular.com\/en\/brands\/acticlor\/","title":{"rendered":"ACTICLOR"},"content":{"rendered":"\t\t<div data-elementor-type=\"wp-post\" data-elementor-id=\"11150\" class=\"elementor elementor-11150 elementor-946\" data-elementor-post-type=\"page\">\n\t\t\t\t<div class=\"elementor-element elementor-element-7e24e8c e-con-full e-flex e-con e-parent\" data-id=\"7e24e8c\" data-element_type=\"container\" data-e-type=\"container\">\n\t\t\t\t<div class=\"elementor-element elementor-element-7aedcea elementor-align-left elementor-widget elementor-widget-button\" data-id=\"7aedcea\" data-element_type=\"widget\" data-e-type=\"widget\" data-settings=\"{&quot;ekit_we_effect_on&quot;:&quot;none&quot;}\" data-widget_type=\"button.default\">\n\t\t\t\t\t\t\t\t\t\t<a class=\"elementor-button elementor-button-link elementor-size-xs elementor-animation-shrink\" href=\"https:\/\/industrialapopular.com\/en\/brands\/\">\n\t\t\t\t\t\t<span class=\"elementor-button-content-wrapper\">\n\t\t\t\t\t\t<span class=\"elementor-button-icon\">\n\t\t\t\t<svg aria-hidden=\"true\" class=\"e-font-icon-svg e-fas-long-arrow-alt-left\" viewBox=\"0 0 448 512\" xmlns=\"http:\/\/www.w3.org\/2000\/svg\"><path d=\"M134.059 296H436c6.627 0 12-5.373 12-12v-56c0-6.627-5.373-12-12-12H134.059v-46.059c0-21.382-25.851-32.09-40.971-16.971L7.029 239.029c-9.373 9.373-9.373 24.569 0 33.941l86.059 86.059c15.119 15.119 40.971 4.411 40.971-16.971V296z\"><\/path><\/svg>\t\t\t<\/span>\n\t\t\t\t\t\t\t\t\t<span class=\"elementor-button-text\">Back<\/span>\n\t\t\t\t\t<\/span>\n\t\t\t\t\t<\/a>\n\t\t\t\t\t\t\t\t<\/div>\n\t\t\t\t<\/div>\n\t\t<div class=\"elementor-element elementor-element-fc0b4c2 e-con-full e-flex e-con e-parent\" data-id=\"fc0b4c2\" data-element_type=\"container\" data-e-type=\"container\">\n\t\t<div class=\"elementor-element elementor-element-0173cd8 e-con-full animated-slow e-flex elementor-invisible e-con e-child\" data-id=\"0173cd8\" data-element_type=\"container\" data-e-type=\"container\" data-settings=\"{&quot;animation&quot;:&quot;fadeInLeft&quot;}\">\n\t\t\t\t<div class=\"elementor-element elementor-element-73ae011 elementor-widget elementor-widget-image\" data-id=\"73ae011\" data-element_type=\"widget\" data-e-type=\"widget\" data-settings=\"{&quot;ekit_we_effect_on&quot;:&quot;none&quot;}\" data-widget_type=\"image.default\">\n\t\t\t\t\t\t\t\t\t\t\t\t\t\t\t<img fetchpriority=\"high\" decoding=\"async\" width=\"1024\" height=\"874\" src=\"https:\/\/epr4eqhkwx9.exactdn.com\/wp-content\/uploads\/2024\/12\/Acticlor-1024x874.png?strip=all\" class=\"attachment-large size-large wp-image-11047\" alt=\"Cartoon polar bear thumb up above &quot;Acti Clor&quot; bleach product label with &quot;Blanqueador Desinfectante&quot; and &quot;Activa el Blanco&quot; text.\" srcset=\"https:\/\/epr4eqhkwx9.exactdn.com\/wp-content\/uploads\/2024\/12\/Acticlor-1024x874.png?strip=all 1024w, https:\/\/epr4eqhkwx9.exactdn.com\/wp-content\/uploads\/2024\/12\/Acticlor-300x256.png?strip=all 300w, https:\/\/epr4eqhkwx9.exactdn.com\/wp-content\/uploads\/2024\/12\/Acticlor-768x656.png?strip=all 768w, https:\/\/epr4eqhkwx9.exactdn.com\/wp-content\/uploads\/2024\/12\/Acticlor-1536x1311.png?strip=all 1536w, https:\/\/epr4eqhkwx9.exactdn.com\/wp-content\/uploads\/2024\/12\/Acticlor.png?strip=all 1933w, https:\/\/epr4eqhkwx9.exactdn.com\/wp-content\/uploads\/2024\/12\/Acticlor.png?strip=all&amp;w=386 386w, https:\/\/epr4eqhkwx9.exactdn.com\/wp-content\/uploads\/2024\/12\/Acticlor.png?strip=all&amp;w=1159 1159w, https:\/\/epr4eqhkwx9.exactdn.com\/wp-content\/uploads\/2024\/12\/Acticlor.png?strip=all&amp;w=450 450w\" sizes=\"(max-width: 1024px) 100vw, 1024px\" \/>\t\t\t\t\t\t\t\t\t\t\t\t\t\t\t<\/div>\n\t\t\t\t<\/div>\n\t\t<div class=\"elementor-element elementor-element-32cb208 e-con-full animated-slow e-flex elementor-invisible e-con e-child\" data-id=\"32cb208\" data-element_type=\"container\" data-e-type=\"container\" data-settings=\"{&quot;animation&quot;:&quot;fadeInRight&quot;}\">\n\t\t\t\t<div class=\"elementor-element elementor-element-1e2706b elementor-widget elementor-widget-heading\" data-id=\"1e2706b\" data-element_type=\"widget\" data-e-type=\"widget\" data-settings=\"{&quot;ekit_we_effect_on&quot;:&quot;none&quot;}\" data-widget_type=\"heading.default\">\n\t\t\t\t\t<h1 class=\"elementor-heading-title elementor-size-default\">Acticlor<\/h1>\t\t\t\t<\/div>\n\t\t\t\t<div class=\"elementor-element elementor-element-fd6391a elementor-widget-divider--view-line elementor-widget elementor-widget-divider\" data-id=\"fd6391a\" data-element_type=\"widget\" data-e-type=\"widget\" data-settings=\"{&quot;ekit_we_effect_on&quot;:&quot;none&quot;}\" data-widget_type=\"divider.default\">\n\t\t\t\t\t\t\t<div class=\"elementor-divider\">\n\t\t\t<span class=\"elementor-divider-separator\">\n\t\t\t\t\t\t<\/span>\n\t\t<\/div>\n\t\t\t\t\t\t<\/div>\n\t\t\t\t<div class=\"elementor-element elementor-element-97b8d2e elementor-widget elementor-widget-text-editor\" data-id=\"97b8d2e\" data-element_type=\"widget\" data-e-type=\"widget\" data-settings=\"{&quot;ekit_we_effect_on&quot;:&quot;none&quot;}\" data-widget_type=\"text-editor.default\">\n\t\t\t\t\t\t\t\t\t<p><strong>Activate the white in your home.<\/strong><\/p>\n<p>Our bleach is the perfect ally to keep your white clothes always looking bright. In addition, it helps to remove the stain from different types of garments. Our versatility makes us the best alternative for cleaning various areas of your home, such as bathrooms, patios, floors, eliminating up to 99.9% of bacteria, thus protecting your loved ones from diseases and infections.<\/p>\n<p>Together with Camilo, our ambassador of whiteness, we are sure you will be able to activate the whiteness expert in your home.  <\/p>\n\t\t\t\t\t\t\t\t<\/div>\n\t\t\t\t<div class=\"elementor-element elementor-element-d1e9f97 elementor-widget elementor-widget-heading\" data-id=\"d1e9f97\" data-element_type=\"widget\" data-e-type=\"widget\" data-settings=\"{&quot;ekit_we_effect_on&quot;:&quot;none&quot;}\" data-widget_type=\"heading.default\">\n\t\t\t\t\t<h2 class=\"elementor-heading-title elementor-size-default\">Follow us at<\/h2>\t\t\t\t<\/div>\n\t\t\t\t<div class=\"elementor-element elementor-element-72202c6 elementor-shape-circle e-grid-align-left elementor-grid-0 elementor-widget elementor-widget-social-icons\" data-id=\"72202c6\" data-element_type=\"widget\" data-e-type=\"widget\" data-settings=\"{&quot;ekit_we_effect_on&quot;:&quot;none&quot;}\" data-widget_type=\"social-icons.default\">\n\t\t\t\t\t\t\t<div class=\"elementor-social-icons-wrapper elementor-grid\">\n\t\t\t\t\t\t\t<span class=\"elementor-grid-item\">\n\t\t\t\t\t<a class=\"elementor-icon elementor-social-icon elementor-social-icon-facebook-f elementor-repeater-item-6ff3bdf\" href=\"https:\/\/www.facebook.com\/cloroacticlor\/\" target=\"_blank\" rel=\"noopener noreferrer nofollow\">\n\t\t\t\t\t\t<span class=\"elementor-screen-only\">Facebook-f<\/span>\n\t\t\t\t\t\t<svg aria-hidden=\"true\" class=\"e-font-icon-svg e-fab-facebook-f\" viewBox=\"0 0 320 512\" xmlns=\"http:\/\/www.w3.org\/2000\/svg\"><path d=\"M279.14 288l14.22-92.66h-88.91v-60.13c0-25.35 12.42-50.06 52.24-50.06h40.42V6.26S260.43 0 225.36 0c-73.22 0-121.08 44.38-121.08 124.72v70.62H22.89V288h81.39v224h100.17V288z\"><\/path><\/svg>\t\t\t\t\t<\/a>\n\t\t\t\t<\/span>\n\t\t\t\t\t<\/div>\n\t\t\t\t\t\t<\/div>\n\t\t\t\t<\/div>\n\t\t\t\t<\/div>\n\t\t<div class=\"elementor-element elementor-element-4247958 e-con-full animated-slow e-flex elementor-invisible e-con e-parent\" data-id=\"4247958\" data-element_type=\"container\" data-e-type=\"container\" data-settings=\"{&quot;animation&quot;:&quot;fadeInUp&quot;}\">\n\t\t\t\t<div class=\"elementor-element elementor-element-3b84dc4 elementor-widget elementor-widget-heading\" data-id=\"3b84dc4\" data-element_type=\"widget\" data-e-type=\"widget\" data-settings=\"{&quot;ekit_we_effect_on&quot;:&quot;none&quot;}\" data-widget_type=\"heading.default\">\n\t\t\t\t\t<h3 class=\"elementor-heading-title elementor-size-default\">Acticlor Bleaching Disinfectant Bleach<\/h3>\t\t\t\t<\/div>\n\t\t\t\t<div class=\"elementor-element elementor-element-29ac1f4 elementor-skin-carousel elementor-arrows-yes elementor-pagination-type-bullets elementor-pagination-position-outside elementor-widget elementor-widget-media-carousel\" data-id=\"29ac1f4\" data-element_type=\"widget\" data-e-type=\"widget\" data-settings=\"{&quot;slides_per_view&quot;:&quot;4&quot;,&quot;skin&quot;:&quot;carousel&quot;,&quot;effect&quot;:&quot;slide&quot;,&quot;show_arrows&quot;:&quot;yes&quot;,&quot;pagination&quot;:&quot;bullets&quot;,&quot;speed&quot;:500,&quot;autoplay&quot;:&quot;yes&quot;,&quot;autoplay_speed&quot;:5000,&quot;pause_on_hover&quot;:&quot;yes&quot;,&quot;pause_on_interaction&quot;:&quot;yes&quot;,&quot;space_between&quot;:{&quot;unit&quot;:&quot;px&quot;,&quot;size&quot;:10,&quot;sizes&quot;:[]},&quot;space_between_tablet&quot;:{&quot;unit&quot;:&quot;px&quot;,&quot;size&quot;:10,&quot;sizes&quot;:[]},&quot;space_between_mobile&quot;:{&quot;unit&quot;:&quot;px&quot;,&quot;size&quot;:10,&quot;sizes&quot;:[]},&quot;ekit_we_effect_on&quot;:&quot;none&quot;}\" data-widget_type=\"media-carousel.default\">\n\t\t\t\t\t\t\t\t\t\t<div class=\"elementor-main-swiper swiper\" role=\"region\" aria-roledescription=\"carousel\" aria-label=\"Slides\">\n\t\t\t\t<div class=\"swiper-wrapper\">\n\t\t\t\t\t\t\t\t\t\t\t<div class=\"swiper-slide\" role=\"group\" aria-roledescription=\"slide\">\n\t\t\t\t\t\t\t<a href=\"https:\/\/epr4eqhkwx9.exactdn.com\/wp-content\/uploads\/2019\/05\/acticlor_210mL.jpg?strip=all&w=2560\" data-elementor-open-lightbox=\"yes\" data-elementor-lightbox-slideshow=\"29ac1f4\" data-elementor-lightbox-title=\"Acticlor 210 mL\" data-elementor-lightbox-description=\"Acticlor 210 mL\" data-e-action-hash=\"#elementor-action%3Aaction%3Dlightbox%26settings%3DeyJpZCI6MjA3OCwidXJsIjoiaHR0cHM6XC9cL2luZHVzdHJpYWxhcG9wdWxhci5jb21cL3dwLWNvbnRlbnRcL3VwbG9hZHNcLzIwMTlcLzA1XC9hY3RpY2xvcl8yMTBtTC5qcGciLCJzbGlkZXNob3ciOiIyOWFjMWY0In0%3D\">\t\t<div class=\"elementor-carousel-image\" role=\"img\" aria-label=\"Acticlor 210 mL\" style=\"background-image: url(&#039;https:\/\/epr4eqhkwx9.exactdn.com\/wp-content\/uploads\/2019\/05\/acticlor_210mL.jpg?strip=all&#039;)\">\n\n\t\t\t\n\t\t\t\t\t<\/div>\n\t\t\t\t\t<div class=\"elementor-carousel-image-overlay e-overlay-animation-fade\">\n\t\t\t\tActiclor 210 mL\t\t\t<\/div>\n\t\t\t<\/a>\t\t\t\t\t\t<\/div>\n\t\t\t\t\t\t\t\t\t\t\t<div class=\"swiper-slide\" role=\"group\" aria-roledescription=\"slide\">\n\t\t\t\t\t\t\t<a href=\"https:\/\/epr4eqhkwx9.exactdn.com\/wp-content\/uploads\/2019\/05\/acticlor_1L.jpg?strip=all&w=2560\" data-elementor-open-lightbox=\"yes\" data-elementor-lightbox-slideshow=\"29ac1f4\" data-elementor-lightbox-title=\"Acticlor 1L\" data-elementor-lightbox-description=\"Acticlor 1L\" data-e-action-hash=\"#elementor-action%3Aaction%3Dlightbox%26settings%3DeyJpZCI6MjA4MiwidXJsIjoiaHR0cHM6XC9cL2luZHVzdHJpYWxhcG9wdWxhci5jb21cL3dwLWNvbnRlbnRcL3VwbG9hZHNcLzIwMTlcLzA1XC9hY3RpY2xvcl8xTC5qcGciLCJzbGlkZXNob3ciOiIyOWFjMWY0In0%3D\">\t\t<div class=\"elementor-carousel-image\" role=\"img\" aria-label=\"Acticlor 1L\" style=\"background-image: url(&#039;https:\/\/epr4eqhkwx9.exactdn.com\/wp-content\/uploads\/2019\/05\/acticlor_1L.jpg?strip=all&#039;)\">\n\n\t\t\t\n\t\t\t\t\t<\/div>\n\t\t\t\t\t<div class=\"elementor-carousel-image-overlay e-overlay-animation-fade\">\n\t\t\t\tActiclor 1L\t\t\t<\/div>\n\t\t\t<\/a>\t\t\t\t\t\t<\/div>\n\t\t\t\t\t\t\t\t\t\t\t<div class=\"swiper-slide\" role=\"group\" aria-roledescription=\"slide\">\n\t\t\t\t\t\t\t<a href=\"https:\/\/epr4eqhkwx9.exactdn.com\/wp-content\/uploads\/2019\/05\/acticlor_1.89L.jpg?strip=all&w=2560\" data-elementor-open-lightbox=\"yes\" data-elementor-lightbox-slideshow=\"29ac1f4\" data-elementor-lightbox-title=\"Acticlor 1.89L\" data-elementor-lightbox-description=\"Acticlor 1.89L\" data-e-action-hash=\"#elementor-action%3Aaction%3Dlightbox%26settings%3DeyJpZCI6MjA5MSwidXJsIjoiaHR0cHM6XC9cL2luZHVzdHJpYWxhcG9wdWxhci5jb21cL3dwLWNvbnRlbnRcL3VwbG9hZHNcLzIwMTlcLzA1XC9hY3RpY2xvcl8xLjg5TC5qcGciLCJzbGlkZXNob3ciOiIyOWFjMWY0In0%3D\">\t\t<div class=\"elementor-carousel-image\" role=\"img\" aria-label=\"Acticlor 1.89L\" style=\"background-image: url(&#039;https:\/\/epr4eqhkwx9.exactdn.com\/wp-content\/uploads\/2019\/05\/acticlor_1.89L.jpg?strip=all&#039;)\">\n\n\t\t\t\n\t\t\t\t\t<\/div>\n\t\t\t\t\t<div class=\"elementor-carousel-image-overlay e-overlay-animation-fade\">\n\t\t\t\tActiclor 1.89L\t\t\t<\/div>\n\t\t\t<\/a>\t\t\t\t\t\t<\/div>\n\t\t\t\t\t\t\t\t\t\t\t<div class=\"swiper-slide\" role=\"group\" aria-roledescription=\"slide\">\n\t\t\t\t\t\t\t<a href=\"https:\/\/epr4eqhkwx9.exactdn.com\/wp-content\/uploads\/2019\/05\/acticlor_1gal.jpg?strip=all&w=2560\" data-elementor-open-lightbox=\"yes\" data-elementor-lightbox-slideshow=\"29ac1f4\" data-elementor-lightbox-title=\"Acticlor 1 Gal\" data-elementor-lightbox-description=\"Acticlor 1 Gal\" data-e-action-hash=\"#elementor-action%3Aaction%3Dlightbox%26settings%3DeyJpZCI6MjA5MiwidXJsIjoiaHR0cHM6XC9cL2luZHVzdHJpYWxhcG9wdWxhci5jb21cL3dwLWNvbnRlbnRcL3VwbG9hZHNcLzIwMTlcLzA1XC9hY3RpY2xvcl8xZ2FsLmpwZyIsInNsaWRlc2hvdyI6IjI5YWMxZjQifQ%3D%3D\">\t\t<div class=\"elementor-carousel-image\" role=\"img\" aria-label=\"Acticlor 1 Gal\" style=\"background-image: url(&#039;https:\/\/epr4eqhkwx9.exactdn.com\/wp-content\/uploads\/2019\/05\/acticlor_1gal.jpg?strip=all&#039;)\">\n\n\t\t\t\n\t\t\t\t\t<\/div>\n\t\t\t\t\t<div class=\"elementor-carousel-image-overlay e-overlay-animation-fade\">\n\t\t\t\tActiclor 1 Gal\t\t\t<\/div>\n\t\t\t<\/a>\t\t\t\t\t\t<\/div>\n\t\t\t\t\t\t\t\t\t\t\t<div class=\"swiper-slide\" role=\"group\" aria-roledescription=\"slide\">\n\t\t\t\t\t\t\t<a href=\"https:\/\/epr4eqhkwx9.exactdn.com\/wp-content\/uploads\/2019\/05\/acticlor_5L.jpg?strip=all&w=2560\" data-elementor-open-lightbox=\"yes\" data-elementor-lightbox-slideshow=\"29ac1f4\" data-elementor-lightbox-title=\"Acticlor 5L\" data-elementor-lightbox-description=\"Acticlor 5L\" data-e-action-hash=\"#elementor-action%3Aaction%3Dlightbox%26settings%3DeyJpZCI6MjA5MywidXJsIjoiaHR0cHM6XC9cL2luZHVzdHJpYWxhcG9wdWxhci5jb21cL3dwLWNvbnRlbnRcL3VwbG9hZHNcLzIwMTlcLzA1XC9hY3RpY2xvcl81TC5qcGciLCJzbGlkZXNob3ciOiIyOWFjMWY0In0%3D\">\t\t<div class=\"elementor-carousel-image\" role=\"img\" aria-label=\"Acticlor 5L\" style=\"background-image: url(&#039;https:\/\/epr4eqhkwx9.exactdn.com\/wp-content\/uploads\/2019\/05\/acticlor_5L.jpg?strip=all&#039;)\">\n\n\t\t\t\n\t\t\t\t\t<\/div>\n\t\t\t\t\t<div class=\"elementor-carousel-image-overlay e-overlay-animation-fade\">\n\t\t\t\tActiclor 5L\t\t\t<\/div>\n\t\t\t<\/a>\t\t\t\t\t\t<\/div>\n\t\t\t\t\t\t\t\t\t\t\t<div class=\"swiper-slide\" role=\"group\" aria-roledescription=\"slide\">\n\t\t\t\t\t\t\t<a href=\"https:\/\/epr4eqhkwx9.exactdn.com\/wp-content\/uploads\/2019\/07\/Acticlor-Citronela-1-Gal.png?strip=all&w=2560\" data-elementor-open-lightbox=\"yes\" data-elementor-lightbox-slideshow=\"29ac1f4\" data-elementor-lightbox-title=\"Acticlor Citronela 1 Gal\" data-e-action-hash=\"#elementor-action%3Aaction%3Dlightbox%26settings%3DeyJpZCI6MzQzOCwidXJsIjoiaHR0cHM6XC9cL2luZHVzdHJpYWxhcG9wdWxhci5jb21cL3dwLWNvbnRlbnRcL3VwbG9hZHNcLzIwMTlcLzA3XC9BY3RpY2xvci1DaXRyb25lbGEtMS1HYWwucG5nIiwic2xpZGVzaG93IjoiMjlhYzFmNCJ9\">\t\t<div class=\"elementor-carousel-image\" role=\"img\" aria-label=\"Botella de pl\u00e1stico de blanqueador Acticlor con asa. Etiqueta amarilla con dibujo de oso blanco, texto en espa\u00f1ol e im\u00e1genes de c\u00edtricos.\" style=\"background-image: url(&#039;https:\/\/epr4eqhkwx9.exactdn.com\/wp-content\/uploads\/2019\/07\/Acticlor-Citronela-1-Gal.png?strip=all&#039;)\">\n\n\t\t\t\n\t\t\t\t\t<\/div>\n\t\t\t\t\t<div class=\"elementor-carousel-image-overlay e-overlay-animation-fade\">\n\t\t\t\tActiclor Citronela 1 Gal\t\t\t<\/div>\n\t\t\t<\/a>\t\t\t\t\t\t<\/div>\n\t\t\t\t\t\t\t\t\t\t\t<div class=\"swiper-slide\" role=\"group\" aria-roledescription=\"slide\">\n\t\t\t\t\t\t\t<a href=\"https:\/\/epr4eqhkwx9.exactdn.com\/wp-content\/uploads\/2019\/07\/Acticlor-Fuerza-C\u00edtrica-1-Gal.png?strip=all&w=2560\" data-elementor-open-lightbox=\"yes\" data-elementor-lightbox-slideshow=\"29ac1f4\" data-elementor-lightbox-title=\"Acticlor Fuerza C\u00edtrica 1 Gal\" data-e-action-hash=\"#elementor-action%3Aaction%3Dlightbox%26settings%3DeyJpZCI6MzQzOSwidXJsIjoiaHR0cHM6XC9cL2luZHVzdHJpYWxhcG9wdWxhci5jb21cL3dwLWNvbnRlbnRcL3VwbG9hZHNcLzIwMTlcLzA3XC9BY3RpY2xvci1GdWVyemEtQ1x1MDBlZHRyaWNhLTEtR2FsLnBuZyIsInNsaWRlc2hvdyI6IjI5YWMxZjQifQ%3D%3D\">\t\t<div class=\"elementor-carousel-image\" role=\"img\" aria-label=\"Un recipiente de pl\u00e1stico de un gal\u00f3n de blanqueador Acti Clor con aroma a c\u00edtricos, que presenta un personaje de dibujos animados en una etiqueta verde brillante con im\u00e1genes de c\u00edtricos.\" style=\"background-image: url(&#039;https:\/\/epr4eqhkwx9.exactdn.com\/wp-content\/uploads\/2019\/07\/Acticlor-Fuerza-C\u00edtrica-1-Gal.png?strip=all&#039;)\">\n\n\t\t\t\n\t\t\t\t\t<\/div>\n\t\t\t\t\t<div class=\"elementor-carousel-image-overlay e-overlay-animation-fade\">\n\t\t\t\tActiclor Fuerza C\u00edtrica 1 Gal\t\t\t<\/div>\n\t\t\t<\/a>\t\t\t\t\t\t<\/div>\n\t\t\t\t\t\t\t\t\t\t\t<div class=\"swiper-slide\" role=\"group\" aria-roledescription=\"slide\">\n\t\t\t\t\t\t\t<a href=\"https:\/\/epr4eqhkwx9.exactdn.com\/wp-content\/uploads\/2019\/07\/Acticlor-Citronela-Medio-Gal.png?strip=all&w=2560\" data-elementor-open-lightbox=\"yes\" data-elementor-lightbox-slideshow=\"29ac1f4\" data-elementor-lightbox-title=\"Acticlor Citronela Medio Gal\" data-e-action-hash=\"#elementor-action%3Aaction%3Dlightbox%26settings%3DeyJpZCI6MzQ0MCwidXJsIjoiaHR0cHM6XC9cL2luZHVzdHJpYWxhcG9wdWxhci5jb21cL3dwLWNvbnRlbnRcL3VwbG9hZHNcLzIwMTlcLzA3XC9BY3RpY2xvci1DaXRyb25lbGEtTWVkaW8tR2FsLnBuZyIsInNsaWRlc2hvdyI6IjI5YWMxZjQifQ%3D%3D\">\t\t<div class=\"elementor-carousel-image\" role=\"img\" aria-label=\"Botella de pl\u00e1stico de blanqueador Acticlor con una etiqueta amarilla que muestra una mascota blanca y gr\u00e1ficos de c\u00edtricos. La etiqueta dice &quot;Blanqueador Desinfectante&quot; y destaca un aroma &quot;Citron&quot;.\" style=\"background-image: url(&#039;https:\/\/epr4eqhkwx9.exactdn.com\/wp-content\/uploads\/2019\/07\/Acticlor-Citronela-Medio-Gal.png?strip=all&#039;)\">\n\n\t\t\t\n\t\t\t\t\t<\/div>\n\t\t\t\t\t<div class=\"elementor-carousel-image-overlay e-overlay-animation-fade\">\n\t\t\t\tActiclor Citronela Medio Gal\t\t\t<\/div>\n\t\t\t<\/a>\t\t\t\t\t\t<\/div>\n\t\t\t\t\t\t\t\t\t\t\t<div class=\"swiper-slide\" role=\"group\" aria-roledescription=\"slide\">\n\t\t\t\t\t\t\t<a href=\"https:\/\/epr4eqhkwx9.exactdn.com\/wp-content\/uploads\/2019\/07\/Acticlor-Fuerza-C\u00edtrica-Medio-Gal.png?strip=all&w=2560\" data-elementor-open-lightbox=\"yes\" data-elementor-lightbox-slideshow=\"29ac1f4\" data-elementor-lightbox-title=\"Acticlor Fuerza C\u00edtrica Medio Gal\" data-e-action-hash=\"#elementor-action%3Aaction%3Dlightbox%26settings%3DeyJpZCI6MzQ0MSwidXJsIjoiaHR0cHM6XC9cL2luZHVzdHJpYWxhcG9wdWxhci5jb21cL3dwLWNvbnRlbnRcL3VwbG9hZHNcLzIwMTlcLzA3XC9BY3RpY2xvci1GdWVyemEtQ1x1MDBlZHRyaWNhLU1lZGlvLUdhbC5wbmciLCJzbGlkZXNob3ciOiIyOWFjMWY0In0%3D\">\t\t<div class=\"elementor-carousel-image\" role=\"img\" aria-label=\"Una botella de pl\u00e1stico de blanqueador Acticolor con una etiqueta con aroma a c\u00edtricos y que presenta una caricatura de un oso blanco.\" style=\"background-image: url(&#039;https:\/\/epr4eqhkwx9.exactdn.com\/wp-content\/uploads\/2019\/07\/Acticlor-Fuerza-C\u00edtrica-Medio-Gal.png?strip=all&#039;)\">\n\n\t\t\t\n\t\t\t\t\t<\/div>\n\t\t\t\t\t<div class=\"elementor-carousel-image-overlay e-overlay-animation-fade\">\n\t\t\t\tActiclor Fuerza C\u00edtrica Medio Gal\t\t\t<\/div>\n\t\t\t<\/a>\t\t\t\t\t\t<\/div>\n\t\t\t\t\t\t\t\t\t\t\t<div class=\"swiper-slide\" role=\"group\" aria-roledescription=\"slide\">\n\t\t\t\t\t\t\t<a href=\"https:\/\/epr4eqhkwx9.exactdn.com\/wp-content\/uploads\/2019\/07\/Acticlor-Citronela-210ml.png?strip=all&w=2560\" data-elementor-open-lightbox=\"yes\" data-elementor-lightbox-slideshow=\"29ac1f4\" data-elementor-lightbox-title=\"Acticlor Citronela 210ml\" data-e-action-hash=\"#elementor-action%3Aaction%3Dlightbox%26settings%3DeyJpZCI6MzQ0MiwidXJsIjoiaHR0cHM6XC9cL2luZHVzdHJpYWxhcG9wdWxhci5jb21cL3dwLWNvbnRlbnRcL3VwbG9hZHNcLzIwMTlcLzA3XC9BY3RpY2xvci1DaXRyb25lbGEtMjEwbWwucG5nIiwic2xpZGVzaG93IjoiMjlhYzFmNCJ9\">\t\t<div class=\"elementor-carousel-image\" role=\"img\" aria-label=\"Paquete amarillo de limpiador blanqueador Acticlor con citronela y caracter\u00edsticas repelente de mosquitos, que muestra flores, un oso y s\u00edmbolos antibacterianos y de mosquitos.\" style=\"background-image: url(&#039;https:\/\/epr4eqhkwx9.exactdn.com\/wp-content\/uploads\/2019\/07\/Acticlor-Citronela-210ml.png?strip=all&#039;)\">\n\n\t\t\t\n\t\t\t\t\t<\/div>\n\t\t\t\t\t<div class=\"elementor-carousel-image-overlay e-overlay-animation-fade\">\n\t\t\t\tActiclor Citronela 210ml\t\t\t<\/div>\n\t\t\t<\/a>\t\t\t\t\t\t<\/div>\n\t\t\t\t\t\t\t\t\t\t\t<div class=\"swiper-slide\" role=\"group\" aria-roledescription=\"slide\">\n\t\t\t\t\t\t\t\t\t<div class=\"elementor-carousel-image\" role=\"img\" aria-label=\"Envase de desinfectante Acticlor con citronela. Etiquetado \u201cM\u00e1s Producto 8 Pack\u201d, incluye texto sobre c\u00f3mo repeler mosquitos. Contiene ocho unidades de 210ml cada una.\" style=\"background-image: url(&#039;https:\/\/epr4eqhkwx9.exactdn.com\/wp-content\/uploads\/2020\/03\/Montaje-New-ACTICLOR-6-Pack-2.png?strip=all&#039;)\">\n\n\t\t\t\n\t\t\t\t\t<\/div>\n\t\t\t\t\t<div class=\"elementor-carousel-image-overlay e-overlay-animation-fade\">\n\t\t\t\tActiclor 8 Pack Citronela\t\t\t<\/div>\n\t\t\t\t\t\t\t\t\t<\/div>\n\t\t\t\t\t\t\t\t\t<\/div>\n\t\t\t\t\t\t\t\t\t\t\t\t\t\t\t<div class=\"elementor-swiper-button elementor-swiper-button-prev\" role=\"button\" tabindex=\"0\" aria-label=\"Previous\">\n\t\t\t\t\t\t\t<svg aria-hidden=\"true\" class=\"e-font-icon-svg e-eicon-chevron-left\" viewBox=\"0 0 1000 1000\" xmlns=\"http:\/\/www.w3.org\/2000\/svg\"><path d=\"M646 125C629 125 613 133 604 142L308 442C296 454 292 471 292 487 292 504 296 521 308 533L604 854C617 867 629 875 646 875 663 875 679 871 692 858 704 846 713 829 713 812 713 796 708 779 692 767L438 487 692 225C700 217 708 204 708 187 708 171 704 154 692 142 675 129 663 125 646 125Z\"><\/path><\/svg>\t\t\t\t\t\t<\/div>\n\t\t\t\t\t\t<div class=\"elementor-swiper-button elementor-swiper-button-next\" role=\"button\" tabindex=\"0\" aria-label=\"Next\">\n\t\t\t\t\t\t\t<svg aria-hidden=\"true\" class=\"e-font-icon-svg e-eicon-chevron-right\" viewBox=\"0 0 1000 1000\" xmlns=\"http:\/\/www.w3.org\/2000\/svg\"><path d=\"M696 533C708 521 713 504 713 487 713 471 708 454 696 446L400 146C388 133 375 125 354 125 338 125 325 129 313 142 300 154 292 171 292 187 292 204 296 221 308 233L563 492 304 771C292 783 288 800 288 817 288 833 296 850 308 863 321 871 338 875 354 875 371 875 388 867 400 854L696 533Z\"><\/path><\/svg>\t\t\t\t\t\t<\/div>\n\t\t\t\t\t\t\t\t\t\t\t\t\t\t\t\t<div class=\"swiper-pagination\"><\/div>\n\t\t\t\t\t\t\t\t\t\t\t\t<\/div>\n\t\t\t\t\t\t\t\t<\/div>\n\t\t\t\t<\/div>\n\t\t\t\t<\/div>\n\t\t","protected":false},"excerpt":{"rendered":"<p>Back Acticlor Activate the white in your home. Our bleach is the perfect ally to keep your white clothes always looking bright. In addition, it helps to remove the stain from different types of garments. Our versatility makes us the best alternative for cleaning various areas of your home, such as bathrooms, patios, floors, eliminating&hellip;&nbsp;<\/p>\n","protected":false},"author":6,"featured_media":0,"parent":11142,"menu_order":4,"comment_status":"closed","ping_status":"closed","template":"","meta":{"neve_meta_sidebar":"","neve_meta_container":"","neve_meta_enable_content_width":"","neve_meta_content_width":0,"neve_meta_title_alignment":"","neve_meta_author_avatar":"","neve_post_elements_order":"","neve_meta_disable_header":"","neve_meta_disable_footer":"","neve_meta_disable_title":"on","neve_meta_reading_time":"","_joinchat":[],"footnotes":""},"class_list":["post-11150","page","type-page","status-publish","hentry"],"_links":{"self":[{"href":"https:\/\/industrialapopular.com\/en\/wp-json\/wp\/v2\/pages\/11150","targetHints":{"allow":["GET"]}}],"collection":[{"href":"https:\/\/industrialapopular.com\/en\/wp-json\/wp\/v2\/pages"}],"about":[{"href":"https:\/\/industrialapopular.com\/en\/wp-json\/wp\/v2\/types\/page"}],"author":[{"embeddable":true,"href":"https:\/\/industrialapopular.com\/en\/wp-json\/wp\/v2\/users\/6"}],"replies":[{"embeddable":true,"href":"https:\/\/industrialapopular.com\/en\/wp-json\/wp\/v2\/comments?post=11150"}],"version-history":[{"count":4,"href":"https:\/\/industrialapopular.com\/en\/wp-json\/wp\/v2\/pages\/11150\/revisions"}],"predecessor-version":[{"id":11965,"href":"https:\/\/industrialapopular.com\/en\/wp-json\/wp\/v2\/pages\/11150\/revisions\/11965"}],"up":[{"embeddable":true,"href":"https:\/\/industrialapopular.com\/en\/wp-json\/wp\/v2\/pages\/11142"}],"wp:attachment":[{"href":"https:\/\/industrialapopular.com\/en\/wp-json\/wp\/v2\/media?parent=11150"}],"curies":[{"name":"wp","href":"https:\/\/api.w.org\/{rel}","templated":true}]}}